{"id":3,"date":"2022-11-07T20:26:33","date_gmt":"2022-11-07T19:26:33","guid":{"rendered":"http:\/\/thiasmax.odns.fr\/skwal_exp_25975\/?page_id=3"},"modified":"2024-02-19T16:02:05","modified_gmt":"2024-02-19T15:02:05","slug":"politique-de-confidentialite","status":"publish","type":"page","link":"https:\/\/thias-skwal.com\/fr\/politique-de-confidentialite\/","title":{"rendered":"Politique de confidentialit\u00e9"},"content":{"rendered":"<div class=\"wpb-content-wrapper\"><p>[vc_row][vc_column width=\u00a0\u00bb1\/1&Prime;][vc_custom_heading auto_text=\u00a0\u00bbyes\u00a0\u00bb heading_semantic=\u00a0\u00bbh1&Prime; text_size=\u00a0\u00bbh1&Prime; text_transform=\u00a0\u00bbuppercase\u00a0\u00bb separator=\u00a0\u00bbyes\u00a0\u00bb uncode_shortcode_id=\u00a0\u00bb125149&Prime;]<\/p>\n<p>This is a custom heading element.<\/p>\n<p>[\/vc_custom_heading][vc_column_text uncode_shortcode_id=\u00a0\u00bb463402&Prime;]<\/p>\n<div class=\"uncode_text_column\">\n<h2>1 &#8211; Formulaire de contact<\/h2>\n<h3>11 \u2013 Donn\u00e9es collect\u00e9es<\/h3>\n<p>\u2013 votre nom et pr\u00e9nom<br \/>\n\u2013 votre N\u00b0 de t\u00e9l\u00e9phone<br \/>\n\u2013 votre adresse e-mail<br \/>\n\u2013 votre message<br \/>\n\u2013 votre consentement \u00e0 la politique de confidentialit\u00e9<\/p>\n<h3>12 \u2013 Utilit\u00e9<\/h3>\n<p>Ces informations nous permettent de traiter votre demande de r\u00e9servation et de communiquer avec vous<\/p>\n<h3>13 \u2013 Transmision des donn\u00e9es<\/h3>\n<p>Ces informations sont enregistr\u00e9es afin de v\u00e9rification (spam) puis transmisent au propri\u00e9taire du site.<\/p>\n<h3>14 \u2013 Dur\u00e9e de d\u00e9tention des donn\u00e9es<\/h3>\n<p>Ces informations sont r\u00e9guli\u00e8rement purg\u00e9es tous les mois<\/p>\n<h2>2 \u2013 Gestion de la s\u00e9curit\u00e9<\/h2>\n<h3>21 \u2013 Donn\u00e9es collect\u00e9es<\/h3>\n<p>\u2013 votre IP<br \/>\n\u2013 votre hostname<br \/>\n\u2013 la date et l\u2019heure de votre connexion<\/p>\n<h3>22 \u2013 Utilit\u00e9<\/h3>\n<p>Ces informations nous permettent de surveiller les connexions au site et de prendre ainsi les mesures necessaires pour prot\u00e9ger au mieux le site<\/p>\n<h2>23 \u2013 Transmision des donn\u00e9es<\/h2>\n<p>Ces donn\u00e9es ne sont pas transmises mais trait\u00e9es et v\u00e9rifi\u00e9es dans le cadre du site<\/p>\n<h3>24 \u2013 Dur\u00e9e de d\u00e9tention<\/h3>\n<p>les connexions au site sont r\u00e9guli\u00e8rement purg\u00e9es tous les mois<\/p>\n<h2>3 \u2013 Contenu et services embarqu\u00e9s depuis d\u2019autres sites<\/h2>\n<p>Google MyMaps<br \/>\nGoogle Font<\/p>\n<h2>4 \u2013 Statistiques et mesures d\u2019audience<\/h2>\n<h3>41 \u2013 Google Analytics<\/h3>\n<p>Nous utilisons Google Analytics afin de statistiques. Les donn\u00e9es sont conserv\u00e9es pendant 13 mois.<\/p>\n<h3>42 \u2013 Statistiques et journaux de connexion de O2SWITH (h\u00e9bergeur du site)<\/h3>\n<p>Certaines informations sont fournies directement par notre h\u00e9bergeur afin d\u2019\u00e9valuer l\u2019audience du site<br \/>\nLa dur\u00e9e de d\u00e9tention est limit\u00e9e \u00e0 trois ans<\/p>\n<h2>5 \u2013 Gestion des Cookies<\/h2>\n<h3 class=\"article-title\" title=\"Uncode Cookies\">Uncode Cookies<\/h3>\n<div class=\"article-body\">\n<p>Pour ex\u00e9cuter le syst\u00e8me d\u2019images adaptatives, Uncode utilise 3 cookies de techniciens. Ces cookies contiennent des informations d\u2019ex\u00e9cution sur la fen\u00eatre et la r\u00e9solution de l\u2019\u00e9cran. Ces donn\u00e9es sont utilis\u00e9es lors de tout rafra\u00eechissement de page pour calculer les bonnes images adaptatives. Aucune information personnelle n\u2019est stock\u00e9e dans ces cookies.<\/p>\n<ul>\n<li>uncodeAI.css<\/li>\n<li>uncodeAI.images<\/li>\n<li>uncodeAI.screen<\/li>\n<\/ul>\n<\/div>\n<p>Vous pouvez acc\u00e9der au tableau de gestion des cookies ici: <a class=\"gdpr-preferences \" href=\"https:\/\/thias-skwal.com\/politique-de-confidentialite\/\">Pr\u00e9f\u00e9rences de confidentialit\u00e9<\/a><\/p>\n<h2>6 &#8211; Propri\u00e9taire des donn\u00e9es<\/h2>\n<p>SKWAL AND CO<br \/>\nP. Balmain<br \/>\n345 chemin de Palet<br \/>\n26190 Saint-Jean-en-Royans<\/p>\n<\/div>\n<p>[\/vc_column_text][\/vc_column][\/vc_row]<\/p>\n<\/div>","protected":false},"excerpt":{"rendered":"<p>[vc_row][vc_column width=\u00a0\u00bb1\/1&Prime;][vc_custom_heading auto_text=\u00a0\u00bbyes\u00a0\u00bb heading_semantic=\u00a0\u00bbh1&Prime; text_size=\u00a0\u00bbh1&Prime; text_transform=\u00a0\u00bbuppercase\u00a0\u00bb separator=\u00a0\u00bbyes\u00a0\u00bb uncode_shortcode_id=\u00a0\u00bb125149&Prime;] This is a custom heading element. [\/vc_custom_heading][vc_column_text uncode_shortcode_id=\u00a0\u00bb463402&Prime;] 1 &#8211; Formulaire de [&hellip;]<\/p>\n","protected":false},"author":1,"featured_media":0,"parent":0,"menu_order":0,"comment_status":"closed","ping_status":"closed","template":"","meta":{"_exactmetrics_skip_tracking":false,"_exactmetrics_sitenote_active":false,"_exactmetrics_sitenote_note":"","_exactmetrics_sitenote_category":0,"footnotes":""},"class_list":["post-3","page","type-page","status-publish","hentry"],"yoast_head":"<!-- This site is optimized with the Yoast SEO plugin v27.5 - https:\/\/yoast.com\/product\/yoast-seo-wordpress\/ -->\n<title>Politique de confidentialit\u00e9 - Thias Skwal<\/title>\n<meta name=\"robots\" content=\"noindex, nofollow\" \/>\n<meta property=\"og:locale\" content=\"fr_FR\" \/>\n<meta property=\"og:type\" content=\"article\" \/>\n<meta property=\"og:title\" content=\"Politique de confidentialit\u00e9 - Thias Skwal\" \/>\n<meta property=\"og:description\" content=\"[vc_row][vc_column width=\u00a0\u00bb1\/1&Prime;][vc_custom_heading auto_text=\u00a0\u00bbyes\u00a0\u00bb heading_semantic=\u00a0\u00bbh1&Prime; text_size=\u00a0\u00bbh1&Prime; text_transform=\u00a0\u00bbuppercase\u00a0\u00bb separator=\u00a0\u00bbyes\u00a0\u00bb uncode_shortcode_id=\u00a0\u00bb125149&Prime;] This is a custom heading element. [\/vc_custom_heading][vc_column_text uncode_shortcode_id=\u00a0\u00bb463402&Prime;] 1 &#8211; Formulaire de [&hellip;]\" \/>\n<meta property=\"og:url\" content=\"https:\/\/thias-skwal.com\/politique-de-confidentialite\/\" \/>\n<meta property=\"og:site_name\" content=\"Thias Skwal\" \/>\n<meta property=\"article:publisher\" content=\"https:\/\/www.facebook.com\/people\/THIAS-SKWAL\/100065543707959\/\" \/>\n<meta property=\"article:modified_time\" content=\"2024-02-19T15:02:05+00:00\" \/>\n<meta name=\"twitter:card\" content=\"summary_large_image\" \/>\n<meta name=\"twitter:label1\" content=\"Dur\u00e9e de lecture estim\u00e9e\" \/>\n\t<meta name=\"twitter:data1\" content=\"2 minutes\" \/>\n<script type=\"application\/ld+json\" class=\"yoast-schema-graph\">{\"@context\":\"https:\\\/\\\/schema.org\",\"@graph\":[{\"@type\":\"WebPage\",\"@id\":\"https:\\\/\\\/thias-skwal.com\\\/politique-de-confidentialite\\\/\",\"url\":\"https:\\\/\\\/thias-skwal.com\\\/politique-de-confidentialite\\\/\",\"name\":\"Politique de confidentialit\u00e9 - Thias Skwal\",\"isPartOf\":{\"@id\":\"https:\\\/\\\/thias-skwal.com\\\/#website\"},\"datePublished\":\"2022-11-07T19:26:33+00:00\",\"dateModified\":\"2024-02-19T15:02:05+00:00\",\"breadcrumb\":{\"@id\":\"https:\\\/\\\/thias-skwal.com\\\/politique-de-confidentialite\\\/#breadcrumb\"},\"inLanguage\":\"fr-FR\",\"potentialAction\":[{\"@type\":\"ReadAction\",\"target\":[\"https:\\\/\\\/thias-skwal.com\\\/politique-de-confidentialite\\\/\"]}]},{\"@type\":\"BreadcrumbList\",\"@id\":\"https:\\\/\\\/thias-skwal.com\\\/politique-de-confidentialite\\\/#breadcrumb\",\"itemListElement\":[{\"@type\":\"ListItem\",\"position\":1,\"name\":\"Accueil\",\"item\":\"https:\\\/\\\/thias-skwal.com\\\/fr\\\/\"},{\"@type\":\"ListItem\",\"position\":2,\"name\":\"Politique de confidentialit\u00e9\"}]},{\"@type\":\"WebSite\",\"@id\":\"https:\\\/\\\/thias-skwal.com\\\/#website\",\"url\":\"https:\\\/\\\/thias-skwal.com\\\/\",\"name\":\"Thias Skwal\",\"description\":\"Time to Free Skwal\",\"publisher\":{\"@id\":\"https:\\\/\\\/thias-skwal.com\\\/#organization\"},\"potentialAction\":[{\"@type\":\"SearchAction\",\"target\":{\"@type\":\"EntryPoint\",\"urlTemplate\":\"https:\\\/\\\/thias-skwal.com\\\/?s={search_term_string}\"},\"query-input\":{\"@type\":\"PropertyValueSpecification\",\"valueRequired\":true,\"valueName\":\"search_term_string\"}}],\"inLanguage\":\"fr-FR\"},{\"@type\":\"Organization\",\"@id\":\"https:\\\/\\\/thias-skwal.com\\\/#organization\",\"name\":\"Thias Skwal\",\"url\":\"https:\\\/\\\/thias-skwal.com\\\/\",\"logo\":{\"@type\":\"ImageObject\",\"inLanguage\":\"fr-FR\",\"@id\":\"https:\\\/\\\/thias-skwal.com\\\/#\\\/schema\\\/logo\\\/image\\\/\",\"url\":\"https:\\\/\\\/thias-skwal.com\\\/wp-content\\\/uploads\\\/2022\\\/11\\\/cropped-Logo-Thias-Skwal-Noir-512-r.png\",\"contentUrl\":\"https:\\\/\\\/thias-skwal.com\\\/wp-content\\\/uploads\\\/2022\\\/11\\\/cropped-Logo-Thias-Skwal-Noir-512-r.png\",\"width\":512,\"height\":512,\"caption\":\"Thias Skwal\"},\"image\":{\"@id\":\"https:\\\/\\\/thias-skwal.com\\\/#\\\/schema\\\/logo\\\/image\\\/\"},\"sameAs\":[\"https:\\\/\\\/www.facebook.com\\\/people\\\/THIAS-SKWAL\\\/100065543707959\\\/\"]}]}<\/script>\n<!-- \/ Yoast SEO plugin. -->","yoast_head_json":{"title":"Politique de confidentialit\u00e9 - Thias Skwal","robots":{"index":"noindex","follow":"nofollow"},"og_locale":"fr_FR","og_type":"article","og_title":"Politique de confidentialit\u00e9 - Thias Skwal","og_description":"[vc_row][vc_column width=\u00a0\u00bb1\/1&Prime;][vc_custom_heading auto_text=\u00a0\u00bbyes\u00a0\u00bb heading_semantic=\u00a0\u00bbh1&Prime; text_size=\u00a0\u00bbh1&Prime; text_transform=\u00a0\u00bbuppercase\u00a0\u00bb separator=\u00a0\u00bbyes\u00a0\u00bb uncode_shortcode_id=\u00a0\u00bb125149&Prime;] This is a custom heading element. [\/vc_custom_heading][vc_column_text uncode_shortcode_id=\u00a0\u00bb463402&Prime;] 1 &#8211; Formulaire de [&hellip;]","og_url":"https:\/\/thias-skwal.com\/politique-de-confidentialite\/","og_site_name":"Thias Skwal","article_publisher":"https:\/\/www.facebook.com\/people\/THIAS-SKWAL\/100065543707959\/","article_modified_time":"2024-02-19T15:02:05+00:00","twitter_card":"summary_large_image","twitter_misc":{"Dur\u00e9e de lecture estim\u00e9e":"2 minutes"},"schema":{"@context":"https:\/\/schema.org","@graph":[{"@type":"WebPage","@id":"https:\/\/thias-skwal.com\/politique-de-confidentialite\/","url":"https:\/\/thias-skwal.com\/politique-de-confidentialite\/","name":"Politique de confidentialit\u00e9 - Thias Skwal","isPartOf":{"@id":"https:\/\/thias-skwal.com\/#website"},"datePublished":"2022-11-07T19:26:33+00:00","dateModified":"2024-02-19T15:02:05+00:00","breadcrumb":{"@id":"https:\/\/thias-skwal.com\/politique-de-confidentialite\/#breadcrumb"},"inLanguage":"fr-FR","potentialAction":[{"@type":"ReadAction","target":["https:\/\/thias-skwal.com\/politique-de-confidentialite\/"]}]},{"@type":"BreadcrumbList","@id":"https:\/\/thias-skwal.com\/politique-de-confidentialite\/#breadcrumb","itemListElement":[{"@type":"ListItem","position":1,"name":"Accueil","item":"https:\/\/thias-skwal.com\/fr\/"},{"@type":"ListItem","position":2,"name":"Politique de confidentialit\u00e9"}]},{"@type":"WebSite","@id":"https:\/\/thias-skwal.com\/#website","url":"https:\/\/thias-skwal.com\/","name":"Thias Skwal","description":"Time to Free Skwal","publisher":{"@id":"https:\/\/thias-skwal.com\/#organization"},"potentialAction":[{"@type":"SearchAction","target":{"@type":"EntryPoint","urlTemplate":"https:\/\/thias-skwal.com\/?s={search_term_string}"},"query-input":{"@type":"PropertyValueSpecification","valueRequired":true,"valueName":"search_term_string"}}],"inLanguage":"fr-FR"},{"@type":"Organization","@id":"https:\/\/thias-skwal.com\/#organization","name":"Thias Skwal","url":"https:\/\/thias-skwal.com\/","logo":{"@type":"ImageObject","inLanguage":"fr-FR","@id":"https:\/\/thias-skwal.com\/#\/schema\/logo\/image\/","url":"https:\/\/thias-skwal.com\/wp-content\/uploads\/2022\/11\/cropped-Logo-Thias-Skwal-Noir-512-r.png","contentUrl":"https:\/\/thias-skwal.com\/wp-content\/uploads\/2022\/11\/cropped-Logo-Thias-Skwal-Noir-512-r.png","width":512,"height":512,"caption":"Thias Skwal"},"image":{"@id":"https:\/\/thias-skwal.com\/#\/schema\/logo\/image\/"},"sameAs":["https:\/\/www.facebook.com\/people\/THIAS-SKWAL\/100065543707959\/"]}]}},"_links":{"self":[{"href":"https:\/\/thias-skwal.com\/fr\/wp-json\/wp\/v2\/pages\/3","targetHints":{"allow":["GET"]}}],"collection":[{"href":"https:\/\/thias-skwal.com\/fr\/wp-json\/wp\/v2\/pages"}],"about":[{"href":"https:\/\/thias-skwal.com\/fr\/wp-json\/wp\/v2\/types\/page"}],"author":[{"embeddable":true,"href":"https:\/\/thias-skwal.com\/fr\/wp-json\/wp\/v2\/users\/1"}],"replies":[{"embeddable":true,"href":"https:\/\/thias-skwal.com\/fr\/wp-json\/wp\/v2\/comments?post=3"}],"version-history":[{"count":0,"href":"https:\/\/thias-skwal.com\/fr\/wp-json\/wp\/v2\/pages\/3\/revisions"}],"wp:attachment":[{"href":"https:\/\/thias-skwal.com\/fr\/wp-json\/wp\/v2\/media?parent=3"}],"curies":[{"name":"wp","href":"https:\/\/api.w.org\/{rel}","templated":true}]}}