{"id":2826,"date":"2025-02-09T14:28:20","date_gmt":"2025-02-09T13:28:20","guid":{"rendered":"https:\/\/thias-skwal.com\/?page_id=2826"},"modified":"2025-11-22T16:48:32","modified_gmt":"2025-11-22T15:48:32","slug":"skwal-z67","status":"publish","type":"page","link":"https:\/\/thias-skwal.com\/fr\/skwal-z67\/","title":{"rendered":"Skwal Z67"},"content":{"rendered":"<div class=\"wpb-content-wrapper\"><p>[vc_row unlock_row_content=\u00a0\u00bbyes\u00a0\u00bb row_height_percent=\u00a0\u00bb0&Prime; override_padding=\u00a0\u00bbyes\u00a0\u00bb h_padding=\u00a0\u00bb2&Prime; top_padding=\u00a0\u00bb2&Prime; bottom_padding=\u00a0\u00bb2&Prime; back_color=\u00a0\u00bbcolor-lxmt\u00a0\u00bb overlay_alpha=\u00a0\u00bb50&Prime; gutter_size=\u00a0\u00bb4&Prime; column_width_use_pixel=\u00a0\u00bbyes\u00a0\u00bb shift_y=\u00a0\u00bb0&Prime; z_index=\u00a0\u00bb0&Prime; content_parallax=\u00a0\u00bb0&Prime; column_width_pixel=\u00a0\u00bb1600&Prime; uncode_shortcode_id=\u00a0\u00bb195225&Prime; back_color_type=\u00a0\u00bbuncode-palette\u00a0\u00bb][vc_column column_width_percent=\u00a0\u00bb100&Prime; gutter_size=\u00a0\u00bb3&Prime; overlay_alpha=\u00a0\u00bb50&Prime; shift_x=\u00a0\u00bb0&Prime; shift_y=\u00a0\u00bb0&Prime; shift_y_down=\u00a0\u00bb0&Prime; z_index=\u00a0\u00bb0&Prime; medium_width=\u00a0\u00bb3&Prime; mobile_width=\u00a0\u00bb0&Prime; css_animation=\u00a0\u00bbzoom-in\u00a0\u00bb width=\u00a0\u00bb1\/3&Prime; uncode_shortcode_id=\u00a0\u00bb117669&Prime;][vc_row_inner][vc_column_inner column_width_percent=\u00a0\u00bb100&Prime; gutter_size=\u00a0\u00bb3&Prime; overlay_alpha=\u00a0\u00bb50&Prime; shift_x=\u00a0\u00bb0&Prime; shift_y=\u00a0\u00bb0&Prime; shift_y_down=\u00a0\u00bb0&Prime; z_index=\u00a0\u00bb0&Prime; medium_width=\u00a0\u00bb4&Prime; mobile_width=\u00a0\u00bb4&Prime; width=\u00a0\u00bb1\/2&Prime; uncode_shortcode_id=\u00a0\u00bb980879&Prime;][vc_single_image media=\u00a0\u00bb2933&Prime; media_lightbox=\u00a0\u00bbyes\u00a0\u00bb media_width_use_pixel=\u00a0\u00bbyes\u00a0\u00bb alignment=\u00a0\u00bbcenter\u00a0\u00bb lbox_title=\u00a0\u00bbyes\u00a0\u00bb mobile_visibility=\u00a0\u00bbyes\u00a0\u00bb uncode_shortcode_id=\u00a0\u00bb172208&Prime; media_width_pixel=\u00a0\u00bb99&Prime;][vc_single_image media=\u00a0\u00bb2933&Prime; media_lightbox=\u00a0\u00bbyes\u00a0\u00bb media_width_use_pixel=\u00a0\u00bbyes\u00a0\u00bb alignment=\u00a0\u00bbcenter\u00a0\u00bb lbox_title=\u00a0\u00bbyes\u00a0\u00bb desktop_visibility=\u00a0\u00bbyes\u00a0\u00bb medium_visibility=\u00a0\u00bbyes\u00a0\u00bb uncode_shortcode_id=\u00a0\u00bb465230&Prime; media_width_pixel=\u00a0\u00bb60&Prime;][\/vc_column_inner][vc_column_inner column_width_percent=\u00a0\u00bb100&Prime; gutter_size=\u00a0\u00bb3&Prime; overlay_alpha=\u00a0\u00bb50&Prime; shift_x=\u00a0\u00bb0&Prime; shift_y=\u00a0\u00bb0&Prime; shift_y_down=\u00a0\u00bb0&Prime; z_index=\u00a0\u00bb0&Prime; medium_width=\u00a0\u00bb4&Prime; mobile_width=\u00a0\u00bb4&Prime; width=\u00a0\u00bb1\/2&Prime; uncode_shortcode_id=\u00a0\u00bb172541&Prime;][vc_single_image media=\u00a0\u00bb2945&Prime; media_lightbox=\u00a0\u00bbyes\u00a0\u00bb media_width_use_pixel=\u00a0\u00bbyes\u00a0\u00bb alignment=\u00a0\u00bbcenter\u00a0\u00bb lbox_title=\u00a0\u00bbyes\u00a0\u00bb mobile_visibility=\u00a0\u00bbyes\u00a0\u00bb uncode_shortcode_id=\u00a0\u00bb466459&Prime; media_width_pixel=\u00a0\u00bb101&Prime;][vc_single_image media=\u00a0\u00bb2945&Prime; media_lightbox=\u00a0\u00bbyes\u00a0\u00bb media_width_use_pixel=\u00a0\u00bbyes\u00a0\u00bb alignment=\u00a0\u00bbcenter\u00a0\u00bb lbox_title=\u00a0\u00bbyes\u00a0\u00bb desktop_visibility=\u00a0\u00bbyes\u00a0\u00bb medium_visibility=\u00a0\u00bbyes\u00a0\u00bb uncode_shortcode_id=\u00a0\u00bb146477&Prime; media_width_pixel=\u00a0\u00bb60&Prime;][\/vc_column_inner][\/vc_row_inner][\/vc_column][vc_column column_width_percent=\u00a0\u00bb100&Prime; gutter_size=\u00a0\u00bb3&Prime; overlay_alpha=\u00a0\u00bb50&Prime; shift_x=\u00a0\u00bb0&Prime; shift_y=\u00a0\u00bb0&Prime; shift_y_down=\u00a0\u00bb0&Prime; z_index=\u00a0\u00bb0&Prime; medium_width=\u00a0\u00bb5&Prime; mobile_width=\u00a0\u00bb0&Prime; css_animation=\u00a0\u00bbzoom-in\u00a0\u00bb width=\u00a0\u00bb2\/3&Prime; uncode_shortcode_id=\u00a0\u00bb177744&Prime;][vc_custom_heading auto_text=\u00a0\u00bbyes\u00a0\u00bb heading_semantic=\u00a0\u00bbh1&Prime; text_size=\u00a0\u00bbfontsize-967373&Prime; text_weight=\u00a0\u00bb400&Prime; text_transform=\u00a0\u00bbuppercase\u00a0\u00bb text_space=\u00a0\u00bbfontspace-513379&Prime; separator_color=\u00a0\u00bbyes\u00a0\u00bb separator=\u00a0\u00bbyes\u00a0\u00bb uncode_shortcode_id=\u00a0\u00bb640115&Prime;][\/vc_custom_heading][vc_custom_heading text_weight=\u00a0\u00bb400&Prime; text_space=\u00a0\u00bbfontspace-513379&Prime; uncode_shortcode_id=\u00a0\u00bb442349&Prime;]Le Skwal polyvalent, confortable sur tous les terrains.[\/vc_custom_heading][vc_tabs typography=\u00a0\u00bbyes\u00a0\u00bb align=\u00a0\u00bbleft\u00a0\u00bb][vc_tab gutter_size=\u00a0\u00bb2&Prime; column_padding=\u00a0\u00bb2&Prime; title=\u00a0\u00bbDESCRIPTION\u00a0\u00bb tab_id=\u00a0\u00bb1736180504641-2-0&Prime;][vc_column_text uncode_shortcode_id=\u00a0\u00bb656686&Prime;]Ludique et facile \u00e0 manier.<\/p>\n<p>Un Skwal amusant (flat &amp; carve).<\/p>\n<p>Deux positions de fixation : directionnelle ou centr\u00e9e, avec un cambre pour une excellente r\u00e9activit\u00e9.[\/vc_column_text][vc_single_image media=\u00a0\u00bb706&Prime; media_lightbox=\u00a0\u00bbyes\u00a0\u00bb media_width_percent=\u00a0\u00bb100&Prime; alignment=\u00a0\u00bbcenter\u00a0\u00bb uncode_shortcode_id=\u00a0\u00bb871665&Prime;][\/vc_tab][vc_tab gutter_size=\u00a0\u00bb2&Prime; column_padding=\u00a0\u00bb2&Prime; title=\u00a0\u00bbDETAILS\u00a0\u00bb tab_id=\u00a0\u00bb1736180506237-3-7&Prime;][vc_column_text uncode_shortcode_id=\u00a0\u00bb235010&Prime;]Longueur : 167 cm<br \/>\nLargeur : 14,7 cm<br \/>\nRayon : 10,5 m<\/p>\n<p>Double rocker et cambre<\/p>\n<p>Programme : Free carve<\/p>\n<p>Construction :<br \/>\n&#8211; Structure sandwich<br \/>\n&#8211; Noyau en bois (peuplier et h\u00eatre)<br \/>\n&#8211; Fibre de verre<br \/>\n&#8211; Semelle fritt\u00e9e<\/p>\n<p>Fixations sp\u00e9cifiques au Skwal : Race titanium<br \/>\nOptions : levier manuel (voir section fixations) ou Step-in (entr\u00e9e automatique \/ n\u00e9cessite un talon sp\u00e9cifique sur la chaussure de snowboard).<\/p>\n<p>Con\u00e7u et d\u00e9velopp\u00e9 dans les Alpes fran\u00e7aises par Thias Balmain.[\/vc_column_text][\/vc_tab][vc_tab gutter_size=\u00a0\u00bb2&Prime; column_padding=\u00a0\u00bb2&Prime; title=\u00a0\u00bbTARIFS PUBLICS\u00a0\u00bb tab_id=\u00a0\u00bb1670428963-1-16&Prime;][uncode_block id=\u00a0\u00bb2828&Prime; inside_column=\u00a0\u00bbyes\u00a0\u00bb][\/vc_tab][vc_tab gutter_size=\u00a0\u00bb2&Prime; column_padding=\u00a0\u00bb2&Prime; title=\u00a0\u00bbTARIFS PROS ET PRO SHOPS\u00a0\u00bb tab_id=\u00a0\u00bb1670428963-2-91&Prime;][uncode_block id=\u00a0\u00bb1036&Prime; inside_column=\u00a0\u00bbyes\u00a0\u00bb][\/vc_tab][\/vc_tabs][vc_button button_color=\u00a0\u00bbaccent\u00a0\u00bb border_width=\u00a0\u00bb0&Prime; link=\u00a0\u00bburl:https%3A%2F%2Fshop.thias-skwal.com%2Ffr%2Fplanches%2F96-skwal-serie-z67.html|target:_blank\u00a0\u00bb button_color_type=\u00a0\u00bbuncode-palette\u00a0\u00bb uncode_shortcode_id=\u00a0\u00bb208504&Prime;]COMMANDER[\/vc_button][\/vc_column][\/vc_row]<\/p>\n<\/div>","protected":false},"excerpt":{"rendered":"<p>[vc_row unlock_row_content=\u00a0\u00bbyes\u00a0\u00bb row_height_percent=\u00a0\u00bb0&Prime; override_padding=\u00a0\u00bbyes\u00a0\u00bb h_padding=\u00a0\u00bb2&Prime; top_padding=\u00a0\u00bb2&Prime; bottom_padding=\u00a0\u00bb2&Prime; back_color=\u00a0\u00bbcolor-lxmt\u00a0\u00bb overlay_alpha=\u00a0\u00bb50&Prime; gutter_size=\u00a0\u00bb4&Prime; column_width_use_pixel=\u00a0\u00bbyes\u00a0\u00bb shift_y=\u00a0\u00bb0&Prime; z_index=\u00a0\u00bb0&Prime; content_parallax=\u00a0\u00bb0&Prime; column_width_pixel=\u00a0\u00bb1600&Prime; uncode_shortcode_id=\u00a0\u00bb195225&Prime; back_color_type=\u00a0\u00bbuncode-palette\u00a0\u00bb][vc_column column_width_percent=\u00a0\u00bb100&Prime; gutter_size=\u00a0\u00bb3&Prime; overlay_alpha=\u00a0\u00bb50&Prime; [&hellip;]<\/p>\n","protected":false},"author":1,"featured_media":0,"parent":0,"menu_order":0,"comment_status":"closed","ping_status":"closed","template":"","meta":{"_exactmetrics_skip_tracking":false,"_exactmetrics_sitenote_active":false,"_exactmetrics_sitenote_note":"","_exactmetrics_sitenote_category":0,"footnotes":""},"class_list":["post-2826","page","type-page","status-publish","hentry"],"yoast_head":"<!-- This site is optimized with the Yoast SEO plugin v27.5 - https:\/\/yoast.com\/product\/yoast-seo-wordpress\/ -->\n<title>Skwal Z67 - Thias Skwal<\/title>\n<meta name=\"description\" content=\"Le Skwal Z67 polyvalent, confortable sur tous les terrains. Ludique et facile \u00e0 manier.Un Skwal amusant (flat &amp; carve).\" \/>\n<meta name=\"robots\" content=\"index, follow, max-snippet:-1, max-image-preview:large, max-video-preview:-1\" \/>\n<link rel=\"canonical\" href=\"https:\/\/thias-skwal.com\/fr\/skwal-z67\/\" \/>\n<meta property=\"og:locale\" content=\"fr_FR\" \/>\n<meta property=\"og:type\" content=\"article\" \/>\n<meta property=\"og:title\" content=\"Skwal Z67 - Thias Skwal\" \/>\n<meta property=\"og:description\" content=\"Le Skwal Z67 polyvalent, confortable sur tous les terrains. Ludique et facile \u00e0 manier.Un Skwal amusant (flat &amp; carve).\" \/>\n<meta property=\"og:url\" content=\"https:\/\/thias-skwal.com\/fr\/skwal-z67\/\" \/>\n<meta property=\"og:site_name\" content=\"Thias Skwal\" \/>\n<meta property=\"article:publisher\" content=\"https:\/\/www.facebook.com\/people\/THIAS-SKWAL\/100065543707959\/\" \/>\n<meta property=\"article:modified_time\" content=\"2025-11-22T15:48:32+00:00\" \/>\n<meta name=\"twitter:card\" content=\"summary_large_image\" \/>\n<meta name=\"twitter:label1\" content=\"Dur\u00e9e de lecture estim\u00e9e\" \/>\n\t<meta name=\"twitter:data1\" content=\"2 minutes\" \/>\n<script type=\"application\/ld+json\" class=\"yoast-schema-graph\">{\"@context\":\"https:\\\/\\\/schema.org\",\"@graph\":[{\"@type\":\"WebPage\",\"@id\":\"https:\\\/\\\/thias-skwal.com\\\/fr\\\/skwal-z67\\\/\",\"url\":\"https:\\\/\\\/thias-skwal.com\\\/fr\\\/skwal-z67\\\/\",\"name\":\"Skwal Z67 - Thias Skwal\",\"isPartOf\":{\"@id\":\"https:\\\/\\\/thias-skwal.com\\\/#website\"},\"datePublished\":\"2025-02-09T13:28:20+00:00\",\"dateModified\":\"2025-11-22T15:48:32+00:00\",\"description\":\"Le Skwal Z67 polyvalent, confortable sur tous les terrains. Ludique et facile \u00e0 manier.Un Skwal amusant (flat & carve).\",\"breadcrumb\":{\"@id\":\"https:\\\/\\\/thias-skwal.com\\\/fr\\\/skwal-z67\\\/#breadcrumb\"},\"inLanguage\":\"fr-FR\",\"potentialAction\":[{\"@type\":\"ReadAction\",\"target\":[\"https:\\\/\\\/thias-skwal.com\\\/fr\\\/skwal-z67\\\/\"]}]},{\"@type\":\"BreadcrumbList\",\"@id\":\"https:\\\/\\\/thias-skwal.com\\\/fr\\\/skwal-z67\\\/#breadcrumb\",\"itemListElement\":[{\"@type\":\"ListItem\",\"position\":1,\"name\":\"Accueil\",\"item\":\"https:\\\/\\\/thias-skwal.com\\\/fr\\\/\"},{\"@type\":\"ListItem\",\"position\":2,\"name\":\"Skwal Z67\"}]},{\"@type\":\"WebSite\",\"@id\":\"https:\\\/\\\/thias-skwal.com\\\/#website\",\"url\":\"https:\\\/\\\/thias-skwal.com\\\/\",\"name\":\"Thias Skwal\",\"description\":\"Time to Free Skwal\",\"publisher\":{\"@id\":\"https:\\\/\\\/thias-skwal.com\\\/#organization\"},\"potentialAction\":[{\"@type\":\"SearchAction\",\"target\":{\"@type\":\"EntryPoint\",\"urlTemplate\":\"https:\\\/\\\/thias-skwal.com\\\/?s={search_term_string}\"},\"query-input\":{\"@type\":\"PropertyValueSpecification\",\"valueRequired\":true,\"valueName\":\"search_term_string\"}}],\"inLanguage\":\"fr-FR\"},{\"@type\":\"Organization\",\"@id\":\"https:\\\/\\\/thias-skwal.com\\\/#organization\",\"name\":\"Thias Skwal\",\"url\":\"https:\\\/\\\/thias-skwal.com\\\/\",\"logo\":{\"@type\":\"ImageObject\",\"inLanguage\":\"fr-FR\",\"@id\":\"https:\\\/\\\/thias-skwal.com\\\/#\\\/schema\\\/logo\\\/image\\\/\",\"url\":\"https:\\\/\\\/thias-skwal.com\\\/wp-content\\\/uploads\\\/2022\\\/11\\\/cropped-Logo-Thias-Skwal-Noir-512-r.png\",\"contentUrl\":\"https:\\\/\\\/thias-skwal.com\\\/wp-content\\\/uploads\\\/2022\\\/11\\\/cropped-Logo-Thias-Skwal-Noir-512-r.png\",\"width\":512,\"height\":512,\"caption\":\"Thias Skwal\"},\"image\":{\"@id\":\"https:\\\/\\\/thias-skwal.com\\\/#\\\/schema\\\/logo\\\/image\\\/\"},\"sameAs\":[\"https:\\\/\\\/www.facebook.com\\\/people\\\/THIAS-SKWAL\\\/100065543707959\\\/\"]}]}<\/script>\n<!-- \/ Yoast SEO plugin. -->","yoast_head_json":{"title":"Skwal Z67 - Thias Skwal","description":"Le Skwal Z67 polyvalent, confortable sur tous les terrains. Ludique et facile \u00e0 manier.Un Skwal amusant (flat & carve).","robots":{"index":"index","follow":"follow","max-snippet":"max-snippet:-1","max-image-preview":"max-image-preview:large","max-video-preview":"max-video-preview:-1"},"canonical":"https:\/\/thias-skwal.com\/fr\/skwal-z67\/","og_locale":"fr_FR","og_type":"article","og_title":"Skwal Z67 - Thias Skwal","og_description":"Le Skwal Z67 polyvalent, confortable sur tous les terrains. Ludique et facile \u00e0 manier.Un Skwal amusant (flat & carve).","og_url":"https:\/\/thias-skwal.com\/fr\/skwal-z67\/","og_site_name":"Thias Skwal","article_publisher":"https:\/\/www.facebook.com\/people\/THIAS-SKWAL\/100065543707959\/","article_modified_time":"2025-11-22T15:48:32+00:00","twitter_card":"summary_large_image","twitter_misc":{"Dur\u00e9e de lecture estim\u00e9e":"2 minutes"},"schema":{"@context":"https:\/\/schema.org","@graph":[{"@type":"WebPage","@id":"https:\/\/thias-skwal.com\/fr\/skwal-z67\/","url":"https:\/\/thias-skwal.com\/fr\/skwal-z67\/","name":"Skwal Z67 - Thias Skwal","isPartOf":{"@id":"https:\/\/thias-skwal.com\/#website"},"datePublished":"2025-02-09T13:28:20+00:00","dateModified":"2025-11-22T15:48:32+00:00","description":"Le Skwal Z67 polyvalent, confortable sur tous les terrains. Ludique et facile \u00e0 manier.Un Skwal amusant (flat & carve).","breadcrumb":{"@id":"https:\/\/thias-skwal.com\/fr\/skwal-z67\/#breadcrumb"},"inLanguage":"fr-FR","potentialAction":[{"@type":"ReadAction","target":["https:\/\/thias-skwal.com\/fr\/skwal-z67\/"]}]},{"@type":"BreadcrumbList","@id":"https:\/\/thias-skwal.com\/fr\/skwal-z67\/#breadcrumb","itemListElement":[{"@type":"ListItem","position":1,"name":"Accueil","item":"https:\/\/thias-skwal.com\/fr\/"},{"@type":"ListItem","position":2,"name":"Skwal Z67"}]},{"@type":"WebSite","@id":"https:\/\/thias-skwal.com\/#website","url":"https:\/\/thias-skwal.com\/","name":"Thias Skwal","description":"Time to Free Skwal","publisher":{"@id":"https:\/\/thias-skwal.com\/#organization"},"potentialAction":[{"@type":"SearchAction","target":{"@type":"EntryPoint","urlTemplate":"https:\/\/thias-skwal.com\/?s={search_term_string}"},"query-input":{"@type":"PropertyValueSpecification","valueRequired":true,"valueName":"search_term_string"}}],"inLanguage":"fr-FR"},{"@type":"Organization","@id":"https:\/\/thias-skwal.com\/#organization","name":"Thias Skwal","url":"https:\/\/thias-skwal.com\/","logo":{"@type":"ImageObject","inLanguage":"fr-FR","@id":"https:\/\/thias-skwal.com\/#\/schema\/logo\/image\/","url":"https:\/\/thias-skwal.com\/wp-content\/uploads\/2022\/11\/cropped-Logo-Thias-Skwal-Noir-512-r.png","contentUrl":"https:\/\/thias-skwal.com\/wp-content\/uploads\/2022\/11\/cropped-Logo-Thias-Skwal-Noir-512-r.png","width":512,"height":512,"caption":"Thias Skwal"},"image":{"@id":"https:\/\/thias-skwal.com\/#\/schema\/logo\/image\/"},"sameAs":["https:\/\/www.facebook.com\/people\/THIAS-SKWAL\/100065543707959\/"]}]}},"_links":{"self":[{"href":"https:\/\/thias-skwal.com\/fr\/wp-json\/wp\/v2\/pages\/2826","targetHints":{"allow":["GET"]}}],"collection":[{"href":"https:\/\/thias-skwal.com\/fr\/wp-json\/wp\/v2\/pages"}],"about":[{"href":"https:\/\/thias-skwal.com\/fr\/wp-json\/wp\/v2\/types\/page"}],"author":[{"embeddable":true,"href":"https:\/\/thias-skwal.com\/fr\/wp-json\/wp\/v2\/users\/1"}],"replies":[{"embeddable":true,"href":"https:\/\/thias-skwal.com\/fr\/wp-json\/wp\/v2\/comments?post=2826"}],"version-history":[{"count":3,"href":"https:\/\/thias-skwal.com\/fr\/wp-json\/wp\/v2\/pages\/2826\/revisions"}],"predecessor-version":[{"id":3271,"href":"https:\/\/thias-skwal.com\/fr\/wp-json\/wp\/v2\/pages\/2826\/revisions\/3271"}],"wp:attachment":[{"href":"https:\/\/thias-skwal.com\/fr\/wp-json\/wp\/v2\/media?parent=2826"}],"curies":[{"name":"wp","href":"https:\/\/api.w.org\/{rel}","templated":true}]}}