{"id":2193,"date":"2024-10-19T14:33:42","date_gmt":"2024-10-19T12:33:42","guid":{"rendered":"https:\/\/thias-skwal.com\/?page_id=2193"},"modified":"2026-02-09T13:16:51","modified_gmt":"2026-02-09T12:16:51","slug":"partenaires","status":"publish","type":"page","link":"https:\/\/thias-skwal.com\/fr\/partenaires\/","title":{"rendered":"Partenaires"},"content":{"rendered":"<div class=\"wpb-content-wrapper\"><p>[vc_row unlock_row_content=\u00a0\u00bbyes\u00a0\u00bb row_height_percent=\u00a0\u00bb0&Prime; override_padding=\u00a0\u00bbyes\u00a0\u00bb h_padding=\u00a0\u00bb2&Prime; top_padding=\u00a0\u00bb2&Prime; bottom_padding=\u00a0\u00bb0&Prime; overlay_alpha=\u00a0\u00bb50&Prime; gutter_size=\u00a0\u00bb3&Prime; column_width_percent=\u00a0\u00bb100&Prime; shift_y=\u00a0\u00bb0&Prime; z_index=\u00a0\u00bb0&Prime; content_parallax=\u00a0\u00bb0&Prime; uncode_shortcode_id=\u00a0\u00bb398944&Prime;][vc_column column_width_percent=\u00a0\u00bb100&Prime; align_horizontal=\u00a0\u00bbalign_center\u00a0\u00bb gutter_size=\u00a0\u00bb3&Prime; overlay_alpha=\u00a0\u00bb50&Prime; shift_x=\u00a0\u00bb0&Prime; shift_y=\u00a0\u00bb0&Prime; shift_y_down=\u00a0\u00bb0&Prime; z_index=\u00a0\u00bb0&Prime; medium_width=\u00a0\u00bb0&Prime; mobile_width=\u00a0\u00bb0&Prime; width=\u00a0\u00bb1\/1&Prime; uncode_shortcode_id=\u00a0\u00bb168429&Prime;][vc_single_image media=\u00a0\u00bb2139&Prime; media_width_use_pixel=\u00a0\u00bbyes\u00a0\u00bb alignment=\u00a0\u00bbcenter\u00a0\u00bb uncode_shortcode_id=\u00a0\u00bb133472&Prime; media_width_pixel=\u00a0\u00bb300&Prime; media_link=\u00a0\u00bburl:https%3A%2F%2Fskwal-riders.org%2Ffr%2F|title:lien%20vers%20le%20site%20de%20skwal%20riders|target:_blank|rel:nofollow\u00a0\u00bb][vc_custom_heading heading_semantic=\u00a0\u00bbh1&Prime; text_weight=\u00a0\u00bb600&Prime; separator=\u00a0\u00bbyes\u00a0\u00bb uncode_shortcode_id=\u00a0\u00bb406913&Prime;]Nous apportons notre soutien \u00e0 l\u2019Association Skwal Riders depuis sa cr\u00e9ation.[\/vc_custom_heading][\/vc_column][\/vc_row][vc_row][vc_column width=\u00a0\u00bb1\/1&Prime;][vc_column_text uncode_shortcode_id=\u00a0\u00bb138040&Prime;]Cr\u00e9\u00e9e en 2023, SKWAL RIDERS ASSOCIATION a pour objet la promotion de la pratique du SKWAL par tous les moyens qu\u2019elle pourra mettre en \u0153uvre tels que:<br \/>\n\u2022 Des journ\u00e9es d\u2019essais, d\u2019initiation, de d\u00e9couverte, des concentrations de pratiquants, l\u2019organisation d\u2019\u00e9v\u00e8nements loisirs et de comp\u00e9titions.<br \/>\n\u2022 La mise \u00e0 disposition du public des informations et des programmes \u00e0 venir gr\u00e2ce aux diff\u00e9rents m\u00e9dias sociaux et site internet.<br \/>\n\u2022 La centralisation et l\u2019accessibilit\u00e9 pour tous les pratiquants de l\u2019information propre \u00e0 l\u2019activit\u00e9 aussi bien technique que \u00e9v\u00e9nementielle.<\/p>\n<p>Le si\u00e8ge social de l\u2019association est situ\u00e9 aux Gets, en Haute-Savoie.<\/p>\n<p>L\u2019association est \u00e9tablie en France, berceau historique du Skwal, mais la port\u00e9e de ses actions est internationale. Elle f\u00e9d\u00e8re des\u00a0Ambassadeurs du Skwal, et des pratiquants, de tous les horizons. Ses ambassadeurs organisent\u00a0\u00e9v\u00e8nements\u00a0et pr\u00eats de mat\u00e9riel pour faciliter la d\u00e9couverte du Skwal dans leur r\u00e9gion.<\/p>\n<p>Vous pouvez retrouver l\u2019association Skwal Riders sur\u00a0: le <a href=\"https:\/\/skwal-riders.org\/fr\/\" target=\"_blank\" rel=\"noopener\">Web<\/a>, <a href=\"https:\/\/www.instagram.com\/skwal_riders\/\" target=\"_blank\" rel=\"noopener\">Instagram<\/a>, <a href=\"https:\/\/www.facebook.com\/profile.php?id=61551513024040\" target=\"_blank\" rel=\"noopener\">Facebook<\/a>.[\/vc_column_text][\/vc_column][\/vc_row][vc_row][vc_column column_width_percent=\u00a0\u00bb100&Prime; align_horizontal=\u00a0\u00bbalign_center\u00a0\u00bb gutter_size=\u00a0\u00bb2&Prime; overlay_alpha=\u00a0\u00bb50&Prime; shift_x=\u00a0\u00bb0&Prime; shift_y=\u00a0\u00bb0&Prime; shift_y_down=\u00a0\u00bb0&Prime; z_index=\u00a0\u00bb0&Prime; medium_width=\u00a0\u00bb0&Prime; mobile_width=\u00a0\u00bb0&Prime; width=\u00a0\u00bb1\/1&Prime; uncode_shortcode_id=\u00a0\u00bb187671&Prime;][vc_custom_heading text_size=\u00a0\u00bbh3&Prime; text_weight=\u00a0\u00bb600&Prime; uncode_shortcode_id=\u00a0\u00bb525935&Prime;]Adh\u00e9rer \u00e0 l\u2019association Skwal Riders, c\u2019est soutenir le d\u00e9veloppement du Skwal\u00a0![\/vc_custom_heading][vc_button button_color=\u00a0\u00bbaccent\u00a0\u00bb border_width=\u00a0\u00bb0&Prime; link=\u00a0\u00bburl:https%3A%2F%2Fskwal-riders.org%2Ffr%2Fassociation-fr%2Fadhesion-fr%2F|target:_blank|rel:nofollow\u00a0\u00bb button_color_type=\u00a0\u00bbuncode-palette\u00a0\u00bb uncode_shortcode_id=\u00a0\u00bb569880&Prime;]Rejoignez-nous\u00a0![\/vc_button][\/vc_column][\/vc_row][vc_row][vc_column width=\u00a0\u00bb1\/1&Prime;][vc_single_image media=\u00a0\u00bb2198&Prime; media_width_percent=\u00a0\u00bb100&Prime; shape=\u00a0\u00bbimg-round\u00a0\u00bb radius=\u00a0\u00bbstd\u00a0\u00bb shadow=\u00a0\u00bbyes\u00a0\u00bb shadow_weight=\u00a0\u00bbstd\u00a0\u00bb uncode_shortcode_id=\u00a0\u00bb908032&Prime;][\/vc_column][\/vc_row]<\/p>\n<\/div>","protected":false},"excerpt":{"rendered":"<p>[vc_row unlock_row_content=\u00a0\u00bbyes\u00a0\u00bb row_height_percent=\u00a0\u00bb0&Prime; override_padding=\u00a0\u00bbyes\u00a0\u00bb h_padding=\u00a0\u00bb2&Prime; top_padding=\u00a0\u00bb2&Prime; bottom_padding=\u00a0\u00bb0&Prime; overlay_alpha=\u00a0\u00bb50&Prime; gutter_size=\u00a0\u00bb3&Prime; column_width_percent=\u00a0\u00bb100&Prime; shift_y=\u00a0\u00bb0&Prime; z_index=\u00a0\u00bb0&Prime; content_parallax=\u00a0\u00bb0&Prime; uncode_shortcode_id=\u00a0\u00bb398944&Prime;][vc_column column_width_percent=\u00a0\u00bb100&Prime; align_horizontal=\u00a0\u00bbalign_center\u00a0\u00bb gutter_size=\u00a0\u00bb3&Prime; overlay_alpha=\u00a0\u00bb50&Prime; shift_x=\u00a0\u00bb0&Prime; shift_y=\u00a0\u00bb0&Prime; [&hellip;]<\/p>\n","protected":false},"author":1,"featured_media":0,"parent":0,"menu_order":0,"comment_status":"closed","ping_status":"closed","template":"","meta":{"_exactmetrics_skip_tracking":false,"_exactmetrics_sitenote_active":false,"_exactmetrics_sitenote_note":"","_exactmetrics_sitenote_category":0,"footnotes":""},"class_list":["post-2193","page","type-page","status-publish","hentry"],"yoast_head":"<!-- This site is optimized with the Yoast SEO plugin v27.5 - https:\/\/yoast.com\/product\/yoast-seo-wordpress\/ -->\n<title>Partenaires - Thias Skwal<\/title>\n<meta name=\"description\" content=\"Cr\u00e9\u00e9e en 2023, SKWAL RIDERS ASSOCIATION situ\u00e9 aux Gets, en Haute-Savoie, a pour objet la promotion de la pratique du SKWAL.\" \/>\n<meta name=\"robots\" content=\"index, follow, max-snippet:-1, max-image-preview:large, max-video-preview:-1\" \/>\n<link rel=\"canonical\" href=\"https:\/\/thias-skwal.com\/fr\/partenaires\/\" \/>\n<meta property=\"og:locale\" content=\"fr_FR\" \/>\n<meta property=\"og:type\" content=\"article\" \/>\n<meta property=\"og:title\" content=\"Partenaires - Thias Skwal\" \/>\n<meta property=\"og:description\" content=\"Cr\u00e9\u00e9e en 2023, SKWAL RIDERS ASSOCIATION situ\u00e9 aux Gets, en Haute-Savoie, a pour objet la promotion de la pratique du SKWAL.\" \/>\n<meta property=\"og:url\" content=\"https:\/\/thias-skwal.com\/fr\/partenaires\/\" \/>\n<meta property=\"og:site_name\" content=\"Thias Skwal\" \/>\n<meta property=\"article:publisher\" content=\"https:\/\/www.facebook.com\/people\/THIAS-SKWAL\/100065543707959\/\" \/>\n<meta property=\"article:modified_time\" content=\"2026-02-09T12:16:51+00:00\" \/>\n<meta name=\"twitter:card\" content=\"summary_large_image\" \/>\n<meta name=\"twitter:label1\" content=\"Dur\u00e9e de lecture estim\u00e9e\" \/>\n\t<meta name=\"twitter:data1\" content=\"2 minutes\" \/>\n<script type=\"application\/ld+json\" class=\"yoast-schema-graph\">{\"@context\":\"https:\\\/\\\/schema.org\",\"@graph\":[{\"@type\":\"WebPage\",\"@id\":\"https:\\\/\\\/thias-skwal.com\\\/fr\\\/partenaires\\\/\",\"url\":\"https:\\\/\\\/thias-skwal.com\\\/fr\\\/partenaires\\\/\",\"name\":\"Partenaires - Thias Skwal\",\"isPartOf\":{\"@id\":\"https:\\\/\\\/thias-skwal.com\\\/#website\"},\"datePublished\":\"2024-10-19T12:33:42+00:00\",\"dateModified\":\"2026-02-09T12:16:51+00:00\",\"description\":\"Cr\u00e9\u00e9e en 2023, SKWAL RIDERS ASSOCIATION situ\u00e9 aux Gets, en Haute-Savoie, a pour objet la promotion de la pratique du SKWAL.\",\"breadcrumb\":{\"@id\":\"https:\\\/\\\/thias-skwal.com\\\/fr\\\/partenaires\\\/#breadcrumb\"},\"inLanguage\":\"fr-FR\",\"potentialAction\":[{\"@type\":\"ReadAction\",\"target\":[\"https:\\\/\\\/thias-skwal.com\\\/fr\\\/partenaires\\\/\"]}]},{\"@type\":\"BreadcrumbList\",\"@id\":\"https:\\\/\\\/thias-skwal.com\\\/fr\\\/partenaires\\\/#breadcrumb\",\"itemListElement\":[{\"@type\":\"ListItem\",\"position\":1,\"name\":\"Accueil\",\"item\":\"https:\\\/\\\/thias-skwal.com\\\/fr\\\/\"},{\"@type\":\"ListItem\",\"position\":2,\"name\":\"Partenaires\"}]},{\"@type\":\"WebSite\",\"@id\":\"https:\\\/\\\/thias-skwal.com\\\/#website\",\"url\":\"https:\\\/\\\/thias-skwal.com\\\/\",\"name\":\"Thias Skwal\",\"description\":\"Time to Free Skwal\",\"publisher\":{\"@id\":\"https:\\\/\\\/thias-skwal.com\\\/#organization\"},\"potentialAction\":[{\"@type\":\"SearchAction\",\"target\":{\"@type\":\"EntryPoint\",\"urlTemplate\":\"https:\\\/\\\/thias-skwal.com\\\/?s={search_term_string}\"},\"query-input\":{\"@type\":\"PropertyValueSpecification\",\"valueRequired\":true,\"valueName\":\"search_term_string\"}}],\"inLanguage\":\"fr-FR\"},{\"@type\":\"Organization\",\"@id\":\"https:\\\/\\\/thias-skwal.com\\\/#organization\",\"name\":\"Thias Skwal\",\"url\":\"https:\\\/\\\/thias-skwal.com\\\/\",\"logo\":{\"@type\":\"ImageObject\",\"inLanguage\":\"fr-FR\",\"@id\":\"https:\\\/\\\/thias-skwal.com\\\/#\\\/schema\\\/logo\\\/image\\\/\",\"url\":\"https:\\\/\\\/thias-skwal.com\\\/wp-content\\\/uploads\\\/2022\\\/11\\\/cropped-Logo-Thias-Skwal-Noir-512-r.png\",\"contentUrl\":\"https:\\\/\\\/thias-skwal.com\\\/wp-content\\\/uploads\\\/2022\\\/11\\\/cropped-Logo-Thias-Skwal-Noir-512-r.png\",\"width\":512,\"height\":512,\"caption\":\"Thias Skwal\"},\"image\":{\"@id\":\"https:\\\/\\\/thias-skwal.com\\\/#\\\/schema\\\/logo\\\/image\\\/\"},\"sameAs\":[\"https:\\\/\\\/www.facebook.com\\\/people\\\/THIAS-SKWAL\\\/100065543707959\\\/\"]}]}<\/script>\n<!-- \/ Yoast SEO plugin. -->","yoast_head_json":{"title":"Partenaires - Thias Skwal","description":"Cr\u00e9\u00e9e en 2023, SKWAL RIDERS ASSOCIATION situ\u00e9 aux Gets, en Haute-Savoie, a pour objet la promotion de la pratique du SKWAL.","robots":{"index":"index","follow":"follow","max-snippet":"max-snippet:-1","max-image-preview":"max-image-preview:large","max-video-preview":"max-video-preview:-1"},"canonical":"https:\/\/thias-skwal.com\/fr\/partenaires\/","og_locale":"fr_FR","og_type":"article","og_title":"Partenaires - Thias Skwal","og_description":"Cr\u00e9\u00e9e en 2023, SKWAL RIDERS ASSOCIATION situ\u00e9 aux Gets, en Haute-Savoie, a pour objet la promotion de la pratique du SKWAL.","og_url":"https:\/\/thias-skwal.com\/fr\/partenaires\/","og_site_name":"Thias Skwal","article_publisher":"https:\/\/www.facebook.com\/people\/THIAS-SKWAL\/100065543707959\/","article_modified_time":"2026-02-09T12:16:51+00:00","twitter_card":"summary_large_image","twitter_misc":{"Dur\u00e9e de lecture estim\u00e9e":"2 minutes"},"schema":{"@context":"https:\/\/schema.org","@graph":[{"@type":"WebPage","@id":"https:\/\/thias-skwal.com\/fr\/partenaires\/","url":"https:\/\/thias-skwal.com\/fr\/partenaires\/","name":"Partenaires - Thias Skwal","isPartOf":{"@id":"https:\/\/thias-skwal.com\/#website"},"datePublished":"2024-10-19T12:33:42+00:00","dateModified":"2026-02-09T12:16:51+00:00","description":"Cr\u00e9\u00e9e en 2023, SKWAL RIDERS ASSOCIATION situ\u00e9 aux Gets, en Haute-Savoie, a pour objet la promotion de la pratique du SKWAL.","breadcrumb":{"@id":"https:\/\/thias-skwal.com\/fr\/partenaires\/#breadcrumb"},"inLanguage":"fr-FR","potentialAction":[{"@type":"ReadAction","target":["https:\/\/thias-skwal.com\/fr\/partenaires\/"]}]},{"@type":"BreadcrumbList","@id":"https:\/\/thias-skwal.com\/fr\/partenaires\/#breadcrumb","itemListElement":[{"@type":"ListItem","position":1,"name":"Accueil","item":"https:\/\/thias-skwal.com\/fr\/"},{"@type":"ListItem","position":2,"name":"Partenaires"}]},{"@type":"WebSite","@id":"https:\/\/thias-skwal.com\/#website","url":"https:\/\/thias-skwal.com\/","name":"Thias Skwal","description":"Time to Free Skwal","publisher":{"@id":"https:\/\/thias-skwal.com\/#organization"},"potentialAction":[{"@type":"SearchAction","target":{"@type":"EntryPoint","urlTemplate":"https:\/\/thias-skwal.com\/?s={search_term_string}"},"query-input":{"@type":"PropertyValueSpecification","valueRequired":true,"valueName":"search_term_string"}}],"inLanguage":"fr-FR"},{"@type":"Organization","@id":"https:\/\/thias-skwal.com\/#organization","name":"Thias Skwal","url":"https:\/\/thias-skwal.com\/","logo":{"@type":"ImageObject","inLanguage":"fr-FR","@id":"https:\/\/thias-skwal.com\/#\/schema\/logo\/image\/","url":"https:\/\/thias-skwal.com\/wp-content\/uploads\/2022\/11\/cropped-Logo-Thias-Skwal-Noir-512-r.png","contentUrl":"https:\/\/thias-skwal.com\/wp-content\/uploads\/2022\/11\/cropped-Logo-Thias-Skwal-Noir-512-r.png","width":512,"height":512,"caption":"Thias Skwal"},"image":{"@id":"https:\/\/thias-skwal.com\/#\/schema\/logo\/image\/"},"sameAs":["https:\/\/www.facebook.com\/people\/THIAS-SKWAL\/100065543707959\/"]}]}},"_links":{"self":[{"href":"https:\/\/thias-skwal.com\/fr\/wp-json\/wp\/v2\/pages\/2193","targetHints":{"allow":["GET"]}}],"collection":[{"href":"https:\/\/thias-skwal.com\/fr\/wp-json\/wp\/v2\/pages"}],"about":[{"href":"https:\/\/thias-skwal.com\/fr\/wp-json\/wp\/v2\/types\/page"}],"author":[{"embeddable":true,"href":"https:\/\/thias-skwal.com\/fr\/wp-json\/wp\/v2\/users\/1"}],"replies":[{"embeddable":true,"href":"https:\/\/thias-skwal.com\/fr\/wp-json\/wp\/v2\/comments?post=2193"}],"version-history":[{"count":2,"href":"https:\/\/thias-skwal.com\/fr\/wp-json\/wp\/v2\/pages\/2193\/revisions"}],"predecessor-version":[{"id":3340,"href":"https:\/\/thias-skwal.com\/fr\/wp-json\/wp\/v2\/pages\/2193\/revisions\/3340"}],"wp:attachment":[{"href":"https:\/\/thias-skwal.com\/fr\/wp-json\/wp\/v2\/media?parent=2193"}],"curies":[{"name":"wp","href":"https:\/\/api.w.org\/{rel}","templated":true}]}}