{"id":141,"date":"2022-11-10T16:39:43","date_gmt":"2022-11-10T15:39:43","guid":{"rendered":"https:\/\/thias-skwal.com\/?page_id=141"},"modified":"2025-03-09T11:08:36","modified_gmt":"2025-03-09T10:08:36","slug":"fixations","status":"publish","type":"page","link":"https:\/\/thias-skwal.com\/fr\/fixations\/","title":{"rendered":"Fixations"},"content":{"rendered":"<div class=\"wpb-content-wrapper\"><p>[vc_row unlock_row_content=\u00a0\u00bbyes\u00a0\u00bb row_height_percent=\u00a0\u00bb0&Prime; override_padding=\u00a0\u00bbyes\u00a0\u00bb h_padding=\u00a0\u00bb2&Prime; top_padding=\u00a0\u00bb2&Prime; bottom_padding=\u00a0\u00bb2&Prime; overlay_alpha=\u00a0\u00bb50&Prime; gutter_size=\u00a0\u00bb4&Prime; column_width_use_pixel=\u00a0\u00bbyes\u00a0\u00bb shift_y=\u00a0\u00bb0&Prime; z_index=\u00a0\u00bb0&Prime; column_width_pixel=\u00a0\u00bb1600&Prime; uncode_shortcode_id=\u00a0\u00bb196798&Prime;][vc_column column_width_percent=\u00a0\u00bb100&Prime; gutter_size=\u00a0\u00bb3&Prime; overlay_alpha=\u00a0\u00bb50&Prime; shift_x=\u00a0\u00bb0&Prime; shift_y=\u00a0\u00bb0&Prime; shift_y_down=\u00a0\u00bb0&Prime; z_index=\u00a0\u00bb0&Prime; medium_width=\u00a0\u00bb0&Prime; mobile_width=\u00a0\u00bb0&Prime; css_animation=\u00a0\u00bbzoom-in\u00a0\u00bb sticky=\u00a0\u00bbyes\u00a0\u00bb width=\u00a0\u00bb1\/2&Prime; uncode_shortcode_id=\u00a0\u00bb115038&Prime;][vc_single_image media=\u00a0\u00bb446&Prime; media_lightbox=\u00a0\u00bbyes\u00a0\u00bb media_width_percent=\u00a0\u00bb75&Prime; alignment=\u00a0\u00bbcenter\u00a0\u00bb lbox_title=\u00a0\u00bbyes\u00a0\u00bb uncode_shortcode_id=\u00a0\u00bb178109&Prime;][\/vc_column][vc_column column_width_percent=\u00a0\u00bb100&Prime; position_vertical=\u00a0\u00bbmiddle\u00a0\u00bb gutter_size=\u00a0\u00bb3&Prime; overlay_alpha=\u00a0\u00bb50&Prime; shift_x=\u00a0\u00bb0&Prime; shift_y=\u00a0\u00bb0&Prime; shift_y_down=\u00a0\u00bb0&Prime; z_index=\u00a0\u00bb0&Prime; medium_width=\u00a0\u00bb0&Prime; mobile_width=\u00a0\u00bb0&Prime; css_animation=\u00a0\u00bbzoom-in\u00a0\u00bb width=\u00a0\u00bb1\/2&Prime; uncode_shortcode_id=\u00a0\u00bb197127&Prime;][vc_custom_heading text_size=\u00a0\u00bbh1&Prime; text_weight=\u00a0\u00bb400&Prime; text_transform=\u00a0\u00bbuppercase\u00a0\u00bb text_space=\u00a0\u00bbfontspace-513379&Prime; separator_color=\u00a0\u00bbyes\u00a0\u00bb separator=\u00a0\u00bbyes\u00a0\u00bb uncode_shortcode_id=\u00a0\u00bb116324&Prime;]Free Skwal Titanium[\/vc_custom_heading][vc_column_text uncode_shortcode_id=\u00a0\u00bb131754&Prime;]<\/p>\n<div>\n<p><b>Tailles chaussures de ski et randonn\u00e9e :<\/b><br \/>\nCette fixation peut \u00eatre utilis\u00e9e avec des chaussures de ski ou rando offrant un profil ad\u00e9quat.<\/p>\n<p>Comme pour toute fixation de snowboard, il n\u2019y a pas de syst\u00e8me de d\u00e9clenchement automatique.<br \/>\nAttention : Mondopoint : longueur du pied nu en cm (ex.: 20.5) \/ longueur de la semelle de la chaussure: en mm (ex.: 245mm)<br \/>\nLa longueur de la semelle de la chaussure est la seule c\u00f4te \u00e0 retenir pour le choix de taille de la fixation. En mm elle est inscrite sur le c\u00f4t\u00e9 bas de la coque de la chaussure. Si ce n\u2019est pas le cas, mesurer la longueur de la semelle hors-tout.<\/p>\n<p>M : mondopoint de 20.5 \u00e0 25 \/ longueur de semelle de 245 mm \u00e0 296mm<br \/>\nL : de 25 \u00e0 30.5 \/\u00a0\u00a0longueur de semelle de 296mm \u00e0\u00a0349mm<\/p>\n<p><b>Taille chaussures snowboard hardboots norme ISO:<\/b><br \/>\nS : 21,5 \u00e0 26,5<br \/>\nM : 24,5 \u00e0 27,5<br \/>\nL : 28,0 \u00e0 31,0<\/p>\n<ul>\n<li>Couleur: noir<\/li>\n<li>Calage sp\u00e9cifique free skwal<\/li>\n<li>Transmission de puissance rapide et directe<\/li>\n<li>Rev\u00eatement en titane anodis\u00e9<\/li>\n<li>Flexion lat\u00e9rale rigide<\/li>\n<li>Syst\u00e8me d\u2019absorption des chocs EDS<\/li>\n<li>Etriers extra-\u00e9pais de 5,9 mm en acier inoxydable<\/li>\n<li><b>Attention<\/b>\u00a0: Largeur de l&#8217;embase : 14cm\u00a0Longueur de l&#8217;embase : 22cm<\/li>\n<li>Compatible seulement avec des free skwals de plus de 14cm\u00a0de largeur sous les fixations<\/li>\n<\/ul>\n<\/div>\n<p>[\/vc_column_text][vc_button button_color=\u00a0\u00bbaccent\u00a0\u00bb border_width=\u00a0\u00bb0&Prime; link=\u00a0\u00bburl:https%3A%2F%2Fshop.thias-skwal.com%2Ffr%2Ffixations%2F3-2-f2-race-titanium.html%23%2F2-f2_race_titanium_taille-m_245_a_275|target:_blank|rel:nofollow\u00a0\u00bb button_color_type=\u00a0\u00bbuncode-palette\u00a0\u00bb uncode_shortcode_id=\u00a0\u00bb563404&Prime;]Commander[\/vc_button][vc_tabs typography=\u00a0\u00bbyes\u00a0\u00bb align=\u00a0\u00bbleft\u00a0\u00bb][vc_tab gutter_size=\u00a0\u00bb2&Prime; column_padding=\u00a0\u00bb2&Prime; title=\u00a0\u00bbTARIFS PUBLIC 2024\/2025&Prime; tab_id=\u00a0\u00bb1670424311-1-15&Prime;][uncode_block id=\u00a0\u00bb507&Prime; inside_column=\u00a0\u00bbyes\u00a0\u00bb][\/vc_tab][vc_tab gutter_size=\u00a0\u00bb2&Prime; column_padding=\u00a0\u00bb2&Prime; title=\u00a0\u00bbTARIFS PROS ET PRO SHOPS\u00a0\u00bb tab_id=\u00a0\u00bb1670424311-2-7&Prime;][uncode_block id=\u00a0\u00bb989&Prime; inside_column=\u00a0\u00bbyes\u00a0\u00bb][\/vc_tab][\/vc_tabs][\/vc_column][\/vc_row][vc_row row_height_percent=\u00a0\u00bb0&Prime; override_padding=\u00a0\u00bbyes\u00a0\u00bb h_padding=\u00a0\u00bb2&Prime; top_padding=\u00a0\u00bb3&Prime; bottom_padding=\u00a0\u00bb2&Prime; overlay_alpha=\u00a0\u00bb50&Prime; gutter_size=\u00a0\u00bb4&Prime; column_width_use_pixel=\u00a0\u00bbyes\u00a0\u00bb shift_y=\u00a0\u00bb0&Prime; z_index=\u00a0\u00bb0&Prime; column_width_pixel=\u00a0\u00bb1600&Prime; uncode_shortcode_id=\u00a0\u00bb168475&Prime;][vc_column column_width_percent=\u00a0\u00bb100&Prime; gutter_size=\u00a0\u00bb3&Prime; overlay_alpha=\u00a0\u00bb50&Prime; shift_x=\u00a0\u00bb0&Prime; shift_y=\u00a0\u00bb0&Prime; shift_y_down=\u00a0\u00bb0&Prime; z_index=\u00a0\u00bb0&Prime; medium_width=\u00a0\u00bb0&Prime; mobile_width=\u00a0\u00bb0&Prime; css_animation=\u00a0\u00bbzoom-in\u00a0\u00bb sticky=\u00a0\u00bbyes\u00a0\u00bb width=\u00a0\u00bb1\/2&Prime; uncode_shortcode_id=\u00a0\u00bb205398&Prime;][vc_single_image media=\u00a0\u00bb445&Prime; media_lightbox=\u00a0\u00bbyes\u00a0\u00bb media_width_percent=\u00a0\u00bb75&Prime; alignment=\u00a0\u00bbcenter\u00a0\u00bb lbox_title=\u00a0\u00bbyes\u00a0\u00bb uncode_shortcode_id=\u00a0\u00bb720064&Prime;][\/vc_column][vc_column column_width_percent=\u00a0\u00bb100&Prime; position_vertical=\u00a0\u00bbmiddle\u00a0\u00bb gutter_size=\u00a0\u00bb3&Prime; overlay_alpha=\u00a0\u00bb50&Prime; shift_x=\u00a0\u00bb0&Prime; shift_y=\u00a0\u00bb0&Prime; shift_y_down=\u00a0\u00bb0&Prime; z_index=\u00a0\u00bb0&Prime; medium_width=\u00a0\u00bb0&Prime; mobile_width=\u00a0\u00bb0&Prime; css_animation=\u00a0\u00bbzoom-in\u00a0\u00bb width=\u00a0\u00bb1\/2&Prime; uncode_shortcode_id=\u00a0\u00bb122835&Prime;][vc_custom_heading text_size=\u00a0\u00bbh1&Prime; text_weight=\u00a0\u00bb400&Prime; text_transform=\u00a0\u00bbuppercase\u00a0\u00bb separator_color=\u00a0\u00bbyes\u00a0\u00bb separator=\u00a0\u00bbyes\u00a0\u00bb uncode_shortcode_id=\u00a0\u00bb192757&Prime;]Intec Titanium[\/vc_custom_heading][vc_column_text uncode_shortcode_id=\u00a0\u00bb987142&Prime;]<\/p>\n<div class=\"gmail-uncode_text_column\">\n<p>Taille :<br \/>\nM : 21,5 \u00e0 27,5<br \/>\nL : 28,0 \u00e0 31,0<\/p>\n<p>pour : Hardboots, Norme ISO<br \/>\nCouleur : noir<\/p>\n<ul>\n<li>Transmission directe de la force d\u2019essai \u00e0 travers une plaque de base en titane tremp\u00e9<\/li>\n<li>Syst\u00e8me d\u2019amortissement ESD<\/li>\n<li>Base en titane anodis\u00e9e<\/li>\n<li>R\u00e9glable en hauteur de l&rsquo;\u00e9trier avant<\/li>\n<li>Etrier en acier inoxydable<\/li>\n<li>Support de talon Intec teflonis\u00e9 : Gel de neige et de glace impossible<\/li>\n<\/ul>\n<\/div>\n<p>[\/vc_column_text][vc_button button_color=\u00a0\u00bbaccent\u00a0\u00bb border_width=\u00a0\u00bb0&Prime; link=\u00a0\u00bburl:https%3A%2F%2Fshop.thias-skwal.com%2Ffr%2Ffixations%2F4-5-f2-intec-titanium.html%23%2F5-f2_intec_taille-l_280_a_310|target:_blank|rel:nofollow\u00a0\u00bb button_color_type=\u00a0\u00bbuncode-palette\u00a0\u00bb uncode_shortcode_id=\u00a0\u00bb126475&Prime;]Commander[\/vc_button][vc_tabs typography=\u00a0\u00bbyes\u00a0\u00bb align=\u00a0\u00bbleft\u00a0\u00bb][vc_tab gutter_size=\u00a0\u00bb2&Prime; column_padding=\u00a0\u00bb2&Prime; title=\u00a0\u00bbTARIFS PUBLIC 2024\/2025&Prime; tab_id=\u00a0\u00bb1670424588858-0-3&Prime;][uncode_block id=\u00a0\u00bb510&Prime; inside_column=\u00a0\u00bbyes\u00a0\u00bb][\/vc_tab][vc_tab gutter_size=\u00a0\u00bb2&Prime; column_padding=\u00a0\u00bb2&Prime; title=\u00a0\u00bbTARIFS PROS ET PRO SHOPS\u00a0\u00bb tab_id=\u00a0\u00bb1670424588937-0-7&Prime;][uncode_block id=\u00a0\u00bb989&Prime; inside_column=\u00a0\u00bbyes\u00a0\u00bb][\/vc_tab][\/vc_tabs][\/vc_column][\/vc_row][vc_row unlock_row_content=\u00a0\u00bbyes\u00a0\u00bb row_height_percent=\u00a0\u00bb0&Prime; override_padding=\u00a0\u00bbyes\u00a0\u00bb h_padding=\u00a0\u00bb2&Prime; top_padding=\u00a0\u00bb2&Prime; bottom_padding=\u00a0\u00bb2&Prime; overlay_alpha=\u00a0\u00bb50&Prime; gutter_size=\u00a0\u00bb4&Prime; column_width_use_pixel=\u00a0\u00bbyes\u00a0\u00bb shift_y=\u00a0\u00bb0&Prime; z_index=\u00a0\u00bb0&Prime; column_width_pixel=\u00a0\u00bb1600&Prime; uncode_shortcode_id=\u00a0\u00bb144456&Prime;][vc_column column_width_percent=\u00a0\u00bb100&Prime; gutter_size=\u00a0\u00bb3&Prime; overlay_alpha=\u00a0\u00bb50&Prime; shift_x=\u00a0\u00bb0&Prime; shift_y=\u00a0\u00bb0&Prime; shift_y_down=\u00a0\u00bb0&Prime; z_index=\u00a0\u00bb0&Prime; medium_width=\u00a0\u00bb0&Prime; mobile_width=\u00a0\u00bb0&Prime; css_animation=\u00a0\u00bbzoom-in\u00a0\u00bb sticky=\u00a0\u00bbyes\u00a0\u00bb width=\u00a0\u00bb1\/2&Prime; uncode_shortcode_id=\u00a0\u00bb190101&Prime;][vc_single_image media=\u00a0\u00bb444&Prime; media_lightbox=\u00a0\u00bbyes\u00a0\u00bb media_width_percent=\u00a0\u00bb75&Prime; alignment=\u00a0\u00bbcenter\u00a0\u00bb lbox_title=\u00a0\u00bbyes\u00a0\u00bb uncode_shortcode_id=\u00a0\u00bb705756&Prime;][\/vc_column][vc_column column_width_percent=\u00a0\u00bb100&Prime; position_vertical=\u00a0\u00bbmiddle\u00a0\u00bb gutter_size=\u00a0\u00bb3&Prime; overlay_alpha=\u00a0\u00bb50&Prime; shift_x=\u00a0\u00bb0&Prime; shift_y=\u00a0\u00bb0&Prime; shift_y_down=\u00a0\u00bb0&Prime; z_index=\u00a0\u00bb0&Prime; medium_width=\u00a0\u00bb0&Prime; mobile_width=\u00a0\u00bb0&Prime; css_animation=\u00a0\u00bbzoom-in\u00a0\u00bb width=\u00a0\u00bb1\/2&Prime; uncode_shortcode_id=\u00a0\u00bb129359&Prime;][vc_custom_heading text_size=\u00a0\u00bbh1&Prime; text_weight=\u00a0\u00bb400&Prime; text_transform=\u00a0\u00bbuppercase\u00a0\u00bb text_space=\u00a0\u00bbfontspace-513379&Prime; separator_color=\u00a0\u00bbyes\u00a0\u00bb separator=\u00a0\u00bbyes\u00a0\u00bb uncode_shortcode_id=\u00a0\u00bb132140&Prime;]Intec adaptateur talon[\/vc_custom_heading][vc_column_text uncode_shortcode_id=\u00a0\u00bb102439&Prime;]Taille :<br \/>\nM : 21,5 \u00e0 27,5<br \/>\nL : 28,0 \u00e0 31,0<\/p>\n<p>Pour <b>hardboots snowboard seulement, Norme ISO<\/b><br \/>\nCouleur : noir<\/p>\n<ul>\n<li>Talon compatible avec toutes les chaussures hardboots snowboard sur le march\u00e9<\/li>\n<li>L&rsquo;adaptateur de talon Intec impressionne par sa facilit\u00e9 de chaussage et son syst\u00e8me d&rsquo;ouverture facilit\u00e9 gr\u00e2ce \u00e0 sa poign\u00e9e en haut de la chaussure.<\/li>\n<\/ul>\n<div><\/div>\n<p>[\/vc_column_text][vc_button button_color=\u00a0\u00bbaccent\u00a0\u00bb border_width=\u00a0\u00bb0&Prime; link=\u00a0\u00bburl:https%3A%2F%2Fshop.thias-skwal.com%2Ffr%2Ffixations%2F6-f2-intec-heels-4051099058539.html|target:_blank|rel:nofollow\u00a0\u00bb button_color_type=\u00a0\u00bbuncode-palette\u00a0\u00bb uncode_shortcode_id=\u00a0\u00bb155424&Prime;]Commander[\/vc_button][vc_tabs typography=\u00a0\u00bbyes\u00a0\u00bb align=\u00a0\u00bbleft\u00a0\u00bb][vc_tab gutter_size=\u00a0\u00bb2&Prime; column_padding=\u00a0\u00bb2&Prime; title=\u00a0\u00bbTARIFS PUBLIC 2024\/2025&Prime; tab_id=\u00a0\u00bb1670424681869-0-2&Prime;][uncode_block id=\u00a0\u00bb514&Prime; inside_column=\u00a0\u00bbyes\u00a0\u00bb][\/vc_tab][vc_tab gutter_size=\u00a0\u00bb2&Prime; column_padding=\u00a0\u00bb2&Prime; title=\u00a0\u00bbTARIFS PROS ET PRO SHOPS\u00a0\u00bb tab_id=\u00a0\u00bb1670424681965-0-2&Prime;][uncode_block id=\u00a0\u00bb989&Prime; inside_column=\u00a0\u00bbyes\u00a0\u00bb][\/vc_tab][\/vc_tabs][\/vc_column][\/vc_row]<\/p>\n<\/div>","protected":false},"excerpt":{"rendered":"<p>[vc_row unlock_row_content=\u00a0\u00bbyes\u00a0\u00bb row_height_percent=\u00a0\u00bb0&Prime; override_padding=\u00a0\u00bbyes\u00a0\u00bb h_padding=\u00a0\u00bb2&Prime; top_padding=\u00a0\u00bb2&Prime; bottom_padding=\u00a0\u00bb2&Prime; overlay_alpha=\u00a0\u00bb50&Prime; gutter_size=\u00a0\u00bb4&Prime; column_width_use_pixel=\u00a0\u00bbyes\u00a0\u00bb shift_y=\u00a0\u00bb0&Prime; z_index=\u00a0\u00bb0&Prime; column_width_pixel=\u00a0\u00bb1600&Prime; uncode_shortcode_id=\u00a0\u00bb196798&Prime;][vc_column column_width_percent=\u00a0\u00bb100&Prime; gutter_size=\u00a0\u00bb3&Prime; overlay_alpha=\u00a0\u00bb50&Prime; shift_x=\u00a0\u00bb0&Prime; shift_y=\u00a0\u00bb0&Prime; shift_y_down=\u00a0\u00bb0&Prime; [&hellip;]<\/p>\n","protected":false},"author":1,"featured_media":0,"parent":0,"menu_order":0,"comment_status":"closed","ping_status":"closed","template":"","meta":{"_exactmetrics_skip_tracking":false,"_exactmetrics_sitenote_active":false,"_exactmetrics_sitenote_note":"","_exactmetrics_sitenote_category":0,"footnotes":""},"class_list":["post-141","page","type-page","status-publish","hentry"],"yoast_head":"<!-- This site is optimized with the Yoast SEO plugin v27.5 - https:\/\/yoast.com\/product\/yoast-seo-wordpress\/ -->\n<title>Fixations - Thias Skwal<\/title>\n<meta name=\"description\" content=\"D\u00e9couvrez les fixations adapt\u00e9es \u00e0 votre skwal : F2 Race Titanium, F2 Intec Titanium.\" \/>\n<meta name=\"robots\" content=\"index, follow, max-snippet:-1, max-image-preview:large, max-video-preview:-1\" \/>\n<link rel=\"canonical\" href=\"https:\/\/thias-skwal.com\/fr\/fixations\/\" \/>\n<meta property=\"og:locale\" content=\"fr_FR\" \/>\n<meta property=\"og:type\" content=\"article\" \/>\n<meta property=\"og:title\" content=\"Fixations - Thias Skwal\" \/>\n<meta property=\"og:description\" content=\"D\u00e9couvrez les fixations adapt\u00e9es \u00e0 votre skwal : F2 Race Titanium, F2 Intec Titanium.\" \/>\n<meta property=\"og:url\" content=\"https:\/\/thias-skwal.com\/fr\/fixations\/\" \/>\n<meta property=\"og:site_name\" content=\"Thias Skwal\" \/>\n<meta property=\"article:publisher\" content=\"https:\/\/www.facebook.com\/people\/THIAS-SKWAL\/100065543707959\/\" \/>\n<meta property=\"article:modified_time\" content=\"2025-03-09T10:08:36+00:00\" \/>\n<meta name=\"twitter:card\" content=\"summary_large_image\" \/>\n<meta name=\"twitter:label1\" content=\"Dur\u00e9e de lecture estim\u00e9e\" \/>\n\t<meta name=\"twitter:data1\" content=\"3 minutes\" \/>\n<script type=\"application\/ld+json\" class=\"yoast-schema-graph\">{\"@context\":\"https:\\\/\\\/schema.org\",\"@graph\":[{\"@type\":\"WebPage\",\"@id\":\"https:\\\/\\\/thias-skwal.com\\\/fr\\\/fixations\\\/\",\"url\":\"https:\\\/\\\/thias-skwal.com\\\/fr\\\/fixations\\\/\",\"name\":\"Fixations - Thias Skwal\",\"isPartOf\":{\"@id\":\"https:\\\/\\\/thias-skwal.com\\\/#website\"},\"datePublished\":\"2022-11-10T15:39:43+00:00\",\"dateModified\":\"2025-03-09T10:08:36+00:00\",\"description\":\"D\u00e9couvrez les fixations adapt\u00e9es \u00e0 votre skwal : F2 Race Titanium, F2 Intec Titanium.\",\"breadcrumb\":{\"@id\":\"https:\\\/\\\/thias-skwal.com\\\/fr\\\/fixations\\\/#breadcrumb\"},\"inLanguage\":\"fr-FR\",\"potentialAction\":[{\"@type\":\"ReadAction\",\"target\":[\"https:\\\/\\\/thias-skwal.com\\\/fr\\\/fixations\\\/\"]}]},{\"@type\":\"BreadcrumbList\",\"@id\":\"https:\\\/\\\/thias-skwal.com\\\/fr\\\/fixations\\\/#breadcrumb\",\"itemListElement\":[{\"@type\":\"ListItem\",\"position\":1,\"name\":\"Accueil\",\"item\":\"https:\\\/\\\/thias-skwal.com\\\/fr\\\/\"},{\"@type\":\"ListItem\",\"position\":2,\"name\":\"Fixations\"}]},{\"@type\":\"WebSite\",\"@id\":\"https:\\\/\\\/thias-skwal.com\\\/#website\",\"url\":\"https:\\\/\\\/thias-skwal.com\\\/\",\"name\":\"Thias Skwal\",\"description\":\"Time to Free Skwal\",\"publisher\":{\"@id\":\"https:\\\/\\\/thias-skwal.com\\\/#organization\"},\"potentialAction\":[{\"@type\":\"SearchAction\",\"target\":{\"@type\":\"EntryPoint\",\"urlTemplate\":\"https:\\\/\\\/thias-skwal.com\\\/?s={search_term_string}\"},\"query-input\":{\"@type\":\"PropertyValueSpecification\",\"valueRequired\":true,\"valueName\":\"search_term_string\"}}],\"inLanguage\":\"fr-FR\"},{\"@type\":\"Organization\",\"@id\":\"https:\\\/\\\/thias-skwal.com\\\/#organization\",\"name\":\"Thias Skwal\",\"url\":\"https:\\\/\\\/thias-skwal.com\\\/\",\"logo\":{\"@type\":\"ImageObject\",\"inLanguage\":\"fr-FR\",\"@id\":\"https:\\\/\\\/thias-skwal.com\\\/#\\\/schema\\\/logo\\\/image\\\/\",\"url\":\"https:\\\/\\\/thias-skwal.com\\\/wp-content\\\/uploads\\\/2022\\\/11\\\/cropped-Logo-Thias-Skwal-Noir-512-r.png\",\"contentUrl\":\"https:\\\/\\\/thias-skwal.com\\\/wp-content\\\/uploads\\\/2022\\\/11\\\/cropped-Logo-Thias-Skwal-Noir-512-r.png\",\"width\":512,\"height\":512,\"caption\":\"Thias Skwal\"},\"image\":{\"@id\":\"https:\\\/\\\/thias-skwal.com\\\/#\\\/schema\\\/logo\\\/image\\\/\"},\"sameAs\":[\"https:\\\/\\\/www.facebook.com\\\/people\\\/THIAS-SKWAL\\\/100065543707959\\\/\"]}]}<\/script>\n<!-- \/ Yoast SEO plugin. -->","yoast_head_json":{"title":"Fixations - Thias Skwal","description":"D\u00e9couvrez les fixations adapt\u00e9es \u00e0 votre skwal : F2 Race Titanium, F2 Intec Titanium.","robots":{"index":"index","follow":"follow","max-snippet":"max-snippet:-1","max-image-preview":"max-image-preview:large","max-video-preview":"max-video-preview:-1"},"canonical":"https:\/\/thias-skwal.com\/fr\/fixations\/","og_locale":"fr_FR","og_type":"article","og_title":"Fixations - Thias Skwal","og_description":"D\u00e9couvrez les fixations adapt\u00e9es \u00e0 votre skwal : F2 Race Titanium, F2 Intec Titanium.","og_url":"https:\/\/thias-skwal.com\/fr\/fixations\/","og_site_name":"Thias Skwal","article_publisher":"https:\/\/www.facebook.com\/people\/THIAS-SKWAL\/100065543707959\/","article_modified_time":"2025-03-09T10:08:36+00:00","twitter_card":"summary_large_image","twitter_misc":{"Dur\u00e9e de lecture estim\u00e9e":"3 minutes"},"schema":{"@context":"https:\/\/schema.org","@graph":[{"@type":"WebPage","@id":"https:\/\/thias-skwal.com\/fr\/fixations\/","url":"https:\/\/thias-skwal.com\/fr\/fixations\/","name":"Fixations - Thias Skwal","isPartOf":{"@id":"https:\/\/thias-skwal.com\/#website"},"datePublished":"2022-11-10T15:39:43+00:00","dateModified":"2025-03-09T10:08:36+00:00","description":"D\u00e9couvrez les fixations adapt\u00e9es \u00e0 votre skwal : F2 Race Titanium, F2 Intec Titanium.","breadcrumb":{"@id":"https:\/\/thias-skwal.com\/fr\/fixations\/#breadcrumb"},"inLanguage":"fr-FR","potentialAction":[{"@type":"ReadAction","target":["https:\/\/thias-skwal.com\/fr\/fixations\/"]}]},{"@type":"BreadcrumbList","@id":"https:\/\/thias-skwal.com\/fr\/fixations\/#breadcrumb","itemListElement":[{"@type":"ListItem","position":1,"name":"Accueil","item":"https:\/\/thias-skwal.com\/fr\/"},{"@type":"ListItem","position":2,"name":"Fixations"}]},{"@type":"WebSite","@id":"https:\/\/thias-skwal.com\/#website","url":"https:\/\/thias-skwal.com\/","name":"Thias Skwal","description":"Time to Free Skwal","publisher":{"@id":"https:\/\/thias-skwal.com\/#organization"},"potentialAction":[{"@type":"SearchAction","target":{"@type":"EntryPoint","urlTemplate":"https:\/\/thias-skwal.com\/?s={search_term_string}"},"query-input":{"@type":"PropertyValueSpecification","valueRequired":true,"valueName":"search_term_string"}}],"inLanguage":"fr-FR"},{"@type":"Organization","@id":"https:\/\/thias-skwal.com\/#organization","name":"Thias Skwal","url":"https:\/\/thias-skwal.com\/","logo":{"@type":"ImageObject","inLanguage":"fr-FR","@id":"https:\/\/thias-skwal.com\/#\/schema\/logo\/image\/","url":"https:\/\/thias-skwal.com\/wp-content\/uploads\/2022\/11\/cropped-Logo-Thias-Skwal-Noir-512-r.png","contentUrl":"https:\/\/thias-skwal.com\/wp-content\/uploads\/2022\/11\/cropped-Logo-Thias-Skwal-Noir-512-r.png","width":512,"height":512,"caption":"Thias Skwal"},"image":{"@id":"https:\/\/thias-skwal.com\/#\/schema\/logo\/image\/"},"sameAs":["https:\/\/www.facebook.com\/people\/THIAS-SKWAL\/100065543707959\/"]}]}},"_links":{"self":[{"href":"https:\/\/thias-skwal.com\/fr\/wp-json\/wp\/v2\/pages\/141","targetHints":{"allow":["GET"]}}],"collection":[{"href":"https:\/\/thias-skwal.com\/fr\/wp-json\/wp\/v2\/pages"}],"about":[{"href":"https:\/\/thias-skwal.com\/fr\/wp-json\/wp\/v2\/types\/page"}],"author":[{"embeddable":true,"href":"https:\/\/thias-skwal.com\/fr\/wp-json\/wp\/v2\/users\/1"}],"replies":[{"embeddable":true,"href":"https:\/\/thias-skwal.com\/fr\/wp-json\/wp\/v2\/comments?post=141"}],"version-history":[{"count":0,"href":"https:\/\/thias-skwal.com\/fr\/wp-json\/wp\/v2\/pages\/141\/revisions"}],"wp:attachment":[{"href":"https:\/\/thias-skwal.com\/fr\/wp-json\/wp\/v2\/media?parent=141"}],"curies":[{"name":"wp","href":"https:\/\/api.w.org\/{rel}","templated":true}]}}