{"id":126,"date":"2022-11-10T16:20:19","date_gmt":"2022-11-10T15:20:19","guid":{"rendered":"https:\/\/thias-skwal.com\/?page_id=126"},"modified":"2025-11-11T20:07:26","modified_gmt":"2025-11-11T19:07:26","slug":"skwal-easy-rider-163","status":"publish","type":"page","link":"https:\/\/thias-skwal.com\/fr\/skwal-easy-rider-163\/","title":{"rendered":"Skwal Easy Rider 163"},"content":{"rendered":"<div class=\"wpb-content-wrapper\"><p>[vc_row unlock_row_content=\u00a0\u00bbyes\u00a0\u00bb row_height_percent=\u00a0\u00bb0&Prime; override_padding=\u00a0\u00bbyes\u00a0\u00bb h_padding=\u00a0\u00bb2&Prime; top_padding=\u00a0\u00bb2&Prime; bottom_padding=\u00a0\u00bb2&Prime; overlay_alpha=\u00a0\u00bb50&Prime; gutter_size=\u00a0\u00bb4&Prime; column_width_use_pixel=\u00a0\u00bbyes\u00a0\u00bb shift_y=\u00a0\u00bb0&Prime; z_index=\u00a0\u00bb0&Prime; content_parallax=\u00a0\u00bb0&Prime; column_width_pixel=\u00a0\u00bb1600&Prime; uncode_shortcode_id=\u00a0\u00bb311120&Prime;][vc_column column_width_percent=\u00a0\u00bb100&Prime; gutter_size=\u00a0\u00bb3&Prime; overlay_alpha=\u00a0\u00bb50&Prime; shift_x=\u00a0\u00bb0&Prime; shift_y=\u00a0\u00bb0&Prime; shift_y_down=\u00a0\u00bb0&Prime; z_index=\u00a0\u00bb0&Prime; medium_width=\u00a0\u00bb3&Prime; mobile_width=\u00a0\u00bb0&Prime; css_animation=\u00a0\u00bbzoom-in\u00a0\u00bb width=\u00a0\u00bb1\/3&Prime; uncode_shortcode_id=\u00a0\u00bb139496&Prime;][vc_single_image media=\u00a0\u00bb2292&Prime; media_lightbox=\u00a0\u00bbyes\u00a0\u00bb media_width_use_pixel=\u00a0\u00bbyes\u00a0\u00bb alignment=\u00a0\u00bbcenter\u00a0\u00bb lbox_title=\u00a0\u00bbyes\u00a0\u00bb mobile_visibility=\u00a0\u00bbyes\u00a0\u00bb uncode_shortcode_id=\u00a0\u00bb301425&Prime; media_width_pixel=\u00a0\u00bb145&Prime;][vc_single_image media=\u00a0\u00bb2292&Prime; media_lightbox=\u00a0\u00bbyes\u00a0\u00bb media_width_use_pixel=\u00a0\u00bbyes\u00a0\u00bb alignment=\u00a0\u00bbcenter\u00a0\u00bb lbox_title=\u00a0\u00bbyes\u00a0\u00bb desktop_visibility=\u00a0\u00bbyes\u00a0\u00bb medium_visibility=\u00a0\u00bbyes\u00a0\u00bb uncode_shortcode_id=\u00a0\u00bb170946&Prime; media_width_pixel=\u00a0\u00bb90&Prime;][\/vc_column][vc_column column_width_percent=\u00a0\u00bb100&Prime; gutter_size=\u00a0\u00bb3&Prime; overlay_alpha=\u00a0\u00bb50&Prime; shift_x=\u00a0\u00bb0&Prime; shift_y=\u00a0\u00bb0&Prime; shift_y_down=\u00a0\u00bb0&Prime; z_index=\u00a0\u00bb0&Prime; medium_width=\u00a0\u00bb5&Prime; mobile_width=\u00a0\u00bb0&Prime; css_animation=\u00a0\u00bbzoom-in\u00a0\u00bb width=\u00a0\u00bb2\/3&Prime; uncode_shortcode_id=\u00a0\u00bb112388&Prime;][vc_custom_heading auto_text=\u00a0\u00bbyes\u00a0\u00bb heading_semantic=\u00a0\u00bbh1&Prime; text_size=\u00a0\u00bbfontsize-967373&Prime; text_weight=\u00a0\u00bb400&Prime; text_transform=\u00a0\u00bbuppercase\u00a0\u00bb text_space=\u00a0\u00bbfontspace-513379&Prime; separator_color=\u00a0\u00bbyes\u00a0\u00bb separator=\u00a0\u00bbyes\u00a0\u00bb uncode_shortcode_id=\u00a0\u00bb177485&Prime;]<span class=\"color_15\">Easy Rider 163<br \/>\n<\/span><\/p>\n<p>[\/vc_custom_heading][vc_custom_heading text_weight=\u00a0\u00bb400&Prime; uncode_shortcode_id=\u00a0\u00bb167696&Prime;]le Skwal XL : la fat board de freeride par excellence.<\/p>\n<p>[\/vc_custom_heading][vc_tabs typography=\u00a0\u00bbyes\u00a0\u00bb align=\u00a0\u00bbleft\u00a0\u00bb uncode_shortcode_id=\u00a0\u00bb199212&Prime;][vc_tab gutter_size=\u00a0\u00bb2&Prime; column_padding=\u00a0\u00bb2&Prime; title=\u00a0\u00bbDESCRIPTION\u00a0\u00bb tab_id=\u00a0\u00bb1736181424474-2-9&Prime;][vc_column_text uncode_shortcode_id=\u00a0\u00bb896845&Prime;]Son rocker, sa largeur et son talon en queue d\u2019hirondelle lui conf\u00e8rent une bonne capacit\u00e9 \u00e0 d\u00e9jauger en neige profonde pour envoyer du gros.\u00a0Maniabilit\u00e9, aisance sur tout type de terrain.[\/vc_column_text][vc_single_image media=\u00a0\u00bb706&Prime; media_lightbox=\u00a0\u00bbyes\u00a0\u00bb media_width_percent=\u00a0\u00bb100&Prime; alignment=\u00a0\u00bbcenter\u00a0\u00bb uncode_shortcode_id=\u00a0\u00bb939094&Prime;][\/vc_tab][vc_tab gutter_size=\u00a0\u00bb2&Prime; column_padding=\u00a0\u00bb2&Prime; title=\u00a0\u00bbDETAILS\u00a0\u00bb tab_id=\u00a0\u00bb1736181425910-3-1&Prime;][vc_column_text uncode_shortcode_id=\u00a0\u00bb128513&Prime;]Longueur : 163 cm<br \/>\nLargeur : 16 cm<br \/>\nRayon 8.3m<br \/>\nProgramme FREE SKWAL<br \/>\n(toutes neiges tous terrains avec b\u00e2tons)<br \/>\nPour gros gabarit ou skwaleur au style nerveux et radical<\/p>\n<p>Model d\u00e9cor : bois<br \/>\nAll mountain \/ Powder snow<\/p>\n<p>Skwal directionnel (centre recul\u00e9) avec cambre pour la r\u00e9activit\u00e9<br \/>\nPin tail: forme en V (spatule plus large que le talon)<br \/>\nSwallow tail : talon en queue d\u2019hirondelle<\/p>\n<p>Construction sandwich, noyau bois fibres de verre et renfort carbone<br \/>\nSemelle : haute densit\u00e9 de couleur noir<br \/>\nMise au point : Thias Balmain<br \/>\nProduction Europe France<\/p>\n<p>Fixations : race titanium et calage sp\u00e9cifique skwal fourni.<br \/>\nMod\u00e8le au choix : step in (chaussage automatique sp\u00e9cifique chaussure snowboard) ou \u00e0 levier manuel[\/vc_column_text][\/vc_tab][vc_tab gutter_size=\u00a0\u00bb2&Prime; column_padding=\u00a0\u00bb2&Prime; title=\u00a0\u00bbTARIFS PUBLIC\u00a0\u00bb tab_id=\u00a0\u00bb1670423678-1-74&Prime;][uncode_block id=\u00a0\u00bb504&Prime; inside_column=\u00a0\u00bbyes\u00a0\u00bb][\/vc_tab][vc_tab gutter_size=\u00a0\u00bb2&Prime; column_padding=\u00a0\u00bb2&Prime; title=\u00a0\u00bbTARIFS PROS ET PRO SHOPS\u00a0\u00bb tab_id=\u00a0\u00bb1670423678-2-50&Prime;][uncode_block id=\u00a0\u00bb989&Prime; inside_column=\u00a0\u00bbyes\u00a0\u00bb][\/vc_tab][\/vc_tabs][vc_button button_color=\u00a0\u00bbaccent\u00a0\u00bb border_width=\u00a0\u00bb0&Prime; link=\u00a0\u00bburl:https%3A%2F%2Fshop.thias-skwal.com%2Ffr%2Fpacks%2F32-easy-rider-163-fat-fixations-race.html|target:_blank|rel:nofollow\u00a0\u00bb button_color_type=\u00a0\u00bbuncode-palette\u00a0\u00bb uncode_shortcode_id=\u00a0\u00bb140238&Prime;]Commander[\/vc_button][\/vc_column][\/vc_row]<\/p>\n<\/div>","protected":false},"excerpt":{"rendered":"<p>[vc_row unlock_row_content=\u00a0\u00bbyes\u00a0\u00bb row_height_percent=\u00a0\u00bb0&Prime; override_padding=\u00a0\u00bbyes\u00a0\u00bb h_padding=\u00a0\u00bb2&Prime; top_padding=\u00a0\u00bb2&Prime; bottom_padding=\u00a0\u00bb2&Prime; overlay_alpha=\u00a0\u00bb50&Prime; gutter_size=\u00a0\u00bb4&Prime; column_width_use_pixel=\u00a0\u00bbyes\u00a0\u00bb shift_y=\u00a0\u00bb0&Prime; z_index=\u00a0\u00bb0&Prime; content_parallax=\u00a0\u00bb0&Prime; column_width_pixel=\u00a0\u00bb1600&Prime; uncode_shortcode_id=\u00a0\u00bb311120&Prime;][vc_column column_width_percent=\u00a0\u00bb100&Prime; gutter_size=\u00a0\u00bb3&Prime; overlay_alpha=\u00a0\u00bb50&Prime; shift_x=\u00a0\u00bb0&Prime; shift_y=\u00a0\u00bb0&Prime; [&hellip;]<\/p>\n","protected":false},"author":1,"featured_media":127,"parent":0,"menu_order":0,"comment_status":"closed","ping_status":"closed","template":"","meta":{"_exactmetrics_skip_tracking":false,"_exactmetrics_sitenote_active":false,"_exactmetrics_sitenote_note":"","_exactmetrics_sitenote_category":0,"footnotes":""},"class_list":["post-126","page","type-page","status-publish","has-post-thumbnail","hentry"],"yoast_head":"<!-- This site is optimized with the Yoast SEO plugin v27.5 - https:\/\/yoast.com\/product\/yoast-seo-wordpress\/ -->\n<title>Skwal Easy Rider 163 - Thias Skwal<\/title>\n<meta name=\"description\" content=\"Une spatule large et un talon en queue d&#039;hirondelle conf\u00e8rent au Skwal Easy Rider 163 une stabilit\u00e9 \u00e0 toute \u00e9preuve pour tout type de neige.\" \/>\n<meta name=\"robots\" content=\"index, follow, max-snippet:-1, max-image-preview:large, max-video-preview:-1\" \/>\n<link rel=\"canonical\" href=\"https:\/\/thias-skwal.com\/fr\/skwal-easy-rider-163\/\" \/>\n<meta property=\"og:locale\" content=\"fr_FR\" \/>\n<meta property=\"og:type\" content=\"article\" \/>\n<meta property=\"og:title\" content=\"Skwal Easy Rider 163 - Thias Skwal\" \/>\n<meta property=\"og:description\" content=\"Une spatule large et un talon en queue d&#039;hirondelle conf\u00e8rent au Skwal Easy Rider 163 une stabilit\u00e9 \u00e0 toute \u00e9preuve pour tout type de neige.\" \/>\n<meta property=\"og:url\" content=\"https:\/\/thias-skwal.com\/fr\/skwal-easy-rider-163\/\" \/>\n<meta property=\"og:site_name\" content=\"Thias Skwal\" \/>\n<meta property=\"article:publisher\" content=\"https:\/\/www.facebook.com\/people\/THIAS-SKWAL\/100065543707959\/\" \/>\n<meta property=\"article:modified_time\" content=\"2025-11-11T19:07:26+00:00\" \/>\n<meta property=\"og:image\" content=\"https:\/\/thias-skwal.com\/wp-content\/uploads\/2022\/11\/thias-skwal-easy-rider-163.jpg\" \/>\n\t<meta property=\"og:image:width\" content=\"1024\" \/>\n\t<meta property=\"og:image:height\" content=\"2048\" \/>\n\t<meta property=\"og:image:type\" content=\"image\/jpeg\" \/>\n<meta name=\"twitter:card\" content=\"summary_large_image\" \/>\n<meta name=\"twitter:label1\" content=\"Dur\u00e9e de lecture estim\u00e9e\" \/>\n\t<meta name=\"twitter:data1\" content=\"2 minutes\" \/>\n<script type=\"application\/ld+json\" class=\"yoast-schema-graph\">{\"@context\":\"https:\\\/\\\/schema.org\",\"@graph\":[{\"@type\":\"WebPage\",\"@id\":\"https:\\\/\\\/thias-skwal.com\\\/fr\\\/skwal-easy-rider-163\\\/\",\"url\":\"https:\\\/\\\/thias-skwal.com\\\/fr\\\/skwal-easy-rider-163\\\/\",\"name\":\"Skwal Easy Rider 163 - Thias Skwal\",\"isPartOf\":{\"@id\":\"https:\\\/\\\/thias-skwal.com\\\/#website\"},\"primaryImageOfPage\":{\"@id\":\"https:\\\/\\\/thias-skwal.com\\\/fr\\\/skwal-easy-rider-163\\\/#primaryimage\"},\"image\":{\"@id\":\"https:\\\/\\\/thias-skwal.com\\\/fr\\\/skwal-easy-rider-163\\\/#primaryimage\"},\"thumbnailUrl\":\"https:\\\/\\\/thias-skwal.com\\\/wp-content\\\/uploads\\\/2022\\\/11\\\/thias-skwal-easy-rider-163.jpg\",\"datePublished\":\"2022-11-10T15:20:19+00:00\",\"dateModified\":\"2025-11-11T19:07:26+00:00\",\"description\":\"Une spatule large et un talon en queue d'hirondelle conf\u00e8rent au Skwal Easy Rider 163 une stabilit\u00e9 \u00e0 toute \u00e9preuve pour tout type de neige.\",\"breadcrumb\":{\"@id\":\"https:\\\/\\\/thias-skwal.com\\\/fr\\\/skwal-easy-rider-163\\\/#breadcrumb\"},\"inLanguage\":\"fr-FR\",\"potentialAction\":[{\"@type\":\"ReadAction\",\"target\":[\"https:\\\/\\\/thias-skwal.com\\\/fr\\\/skwal-easy-rider-163\\\/\"]}]},{\"@type\":\"ImageObject\",\"inLanguage\":\"fr-FR\",\"@id\":\"https:\\\/\\\/thias-skwal.com\\\/fr\\\/skwal-easy-rider-163\\\/#primaryimage\",\"url\":\"https:\\\/\\\/thias-skwal.com\\\/wp-content\\\/uploads\\\/2022\\\/11\\\/thias-skwal-easy-rider-163.jpg\",\"contentUrl\":\"https:\\\/\\\/thias-skwal.com\\\/wp-content\\\/uploads\\\/2022\\\/11\\\/thias-skwal-easy-rider-163.jpg\",\"width\":1024,\"height\":2048},{\"@type\":\"BreadcrumbList\",\"@id\":\"https:\\\/\\\/thias-skwal.com\\\/fr\\\/skwal-easy-rider-163\\\/#breadcrumb\",\"itemListElement\":[{\"@type\":\"ListItem\",\"position\":1,\"name\":\"Accueil\",\"item\":\"https:\\\/\\\/thias-skwal.com\\\/fr\\\/\"},{\"@type\":\"ListItem\",\"position\":2,\"name\":\"Skwal Easy Rider 163\"}]},{\"@type\":\"WebSite\",\"@id\":\"https:\\\/\\\/thias-skwal.com\\\/#website\",\"url\":\"https:\\\/\\\/thias-skwal.com\\\/\",\"name\":\"Thias Skwal\",\"description\":\"Time to Free Skwal\",\"publisher\":{\"@id\":\"https:\\\/\\\/thias-skwal.com\\\/#organization\"},\"potentialAction\":[{\"@type\":\"SearchAction\",\"target\":{\"@type\":\"EntryPoint\",\"urlTemplate\":\"https:\\\/\\\/thias-skwal.com\\\/?s={search_term_string}\"},\"query-input\":{\"@type\":\"PropertyValueSpecification\",\"valueRequired\":true,\"valueName\":\"search_term_string\"}}],\"inLanguage\":\"fr-FR\"},{\"@type\":\"Organization\",\"@id\":\"https:\\\/\\\/thias-skwal.com\\\/#organization\",\"name\":\"Thias Skwal\",\"url\":\"https:\\\/\\\/thias-skwal.com\\\/\",\"logo\":{\"@type\":\"ImageObject\",\"inLanguage\":\"fr-FR\",\"@id\":\"https:\\\/\\\/thias-skwal.com\\\/#\\\/schema\\\/logo\\\/image\\\/\",\"url\":\"https:\\\/\\\/thias-skwal.com\\\/wp-content\\\/uploads\\\/2022\\\/11\\\/cropped-Logo-Thias-Skwal-Noir-512-r.png\",\"contentUrl\":\"https:\\\/\\\/thias-skwal.com\\\/wp-content\\\/uploads\\\/2022\\\/11\\\/cropped-Logo-Thias-Skwal-Noir-512-r.png\",\"width\":512,\"height\":512,\"caption\":\"Thias Skwal\"},\"image\":{\"@id\":\"https:\\\/\\\/thias-skwal.com\\\/#\\\/schema\\\/logo\\\/image\\\/\"},\"sameAs\":[\"https:\\\/\\\/www.facebook.com\\\/people\\\/THIAS-SKWAL\\\/100065543707959\\\/\"]}]}<\/script>\n<!-- \/ Yoast SEO plugin. -->","yoast_head_json":{"title":"Skwal Easy Rider 163 - Thias Skwal","description":"Une spatule large et un talon en queue d'hirondelle conf\u00e8rent au Skwal Easy Rider 163 une stabilit\u00e9 \u00e0 toute \u00e9preuve pour tout type de neige.","robots":{"index":"index","follow":"follow","max-snippet":"max-snippet:-1","max-image-preview":"max-image-preview:large","max-video-preview":"max-video-preview:-1"},"canonical":"https:\/\/thias-skwal.com\/fr\/skwal-easy-rider-163\/","og_locale":"fr_FR","og_type":"article","og_title":"Skwal Easy Rider 163 - Thias Skwal","og_description":"Une spatule large et un talon en queue d'hirondelle conf\u00e8rent au Skwal Easy Rider 163 une stabilit\u00e9 \u00e0 toute \u00e9preuve pour tout type de neige.","og_url":"https:\/\/thias-skwal.com\/fr\/skwal-easy-rider-163\/","og_site_name":"Thias Skwal","article_publisher":"https:\/\/www.facebook.com\/people\/THIAS-SKWAL\/100065543707959\/","article_modified_time":"2025-11-11T19:07:26+00:00","og_image":[{"width":1024,"height":2048,"url":"https:\/\/thias-skwal.com\/wp-content\/uploads\/2022\/11\/thias-skwal-easy-rider-163.jpg","type":"image\/jpeg"}],"twitter_card":"summary_large_image","twitter_misc":{"Dur\u00e9e de lecture estim\u00e9e":"2 minutes"},"schema":{"@context":"https:\/\/schema.org","@graph":[{"@type":"WebPage","@id":"https:\/\/thias-skwal.com\/fr\/skwal-easy-rider-163\/","url":"https:\/\/thias-skwal.com\/fr\/skwal-easy-rider-163\/","name":"Skwal Easy Rider 163 - Thias Skwal","isPartOf":{"@id":"https:\/\/thias-skwal.com\/#website"},"primaryImageOfPage":{"@id":"https:\/\/thias-skwal.com\/fr\/skwal-easy-rider-163\/#primaryimage"},"image":{"@id":"https:\/\/thias-skwal.com\/fr\/skwal-easy-rider-163\/#primaryimage"},"thumbnailUrl":"https:\/\/thias-skwal.com\/wp-content\/uploads\/2022\/11\/thias-skwal-easy-rider-163.jpg","datePublished":"2022-11-10T15:20:19+00:00","dateModified":"2025-11-11T19:07:26+00:00","description":"Une spatule large et un talon en queue d'hirondelle conf\u00e8rent au Skwal Easy Rider 163 une stabilit\u00e9 \u00e0 toute \u00e9preuve pour tout type de neige.","breadcrumb":{"@id":"https:\/\/thias-skwal.com\/fr\/skwal-easy-rider-163\/#breadcrumb"},"inLanguage":"fr-FR","potentialAction":[{"@type":"ReadAction","target":["https:\/\/thias-skwal.com\/fr\/skwal-easy-rider-163\/"]}]},{"@type":"ImageObject","inLanguage":"fr-FR","@id":"https:\/\/thias-skwal.com\/fr\/skwal-easy-rider-163\/#primaryimage","url":"https:\/\/thias-skwal.com\/wp-content\/uploads\/2022\/11\/thias-skwal-easy-rider-163.jpg","contentUrl":"https:\/\/thias-skwal.com\/wp-content\/uploads\/2022\/11\/thias-skwal-easy-rider-163.jpg","width":1024,"height":2048},{"@type":"BreadcrumbList","@id":"https:\/\/thias-skwal.com\/fr\/skwal-easy-rider-163\/#breadcrumb","itemListElement":[{"@type":"ListItem","position":1,"name":"Accueil","item":"https:\/\/thias-skwal.com\/fr\/"},{"@type":"ListItem","position":2,"name":"Skwal Easy Rider 163"}]},{"@type":"WebSite","@id":"https:\/\/thias-skwal.com\/#website","url":"https:\/\/thias-skwal.com\/","name":"Thias Skwal","description":"Time to Free Skwal","publisher":{"@id":"https:\/\/thias-skwal.com\/#organization"},"potentialAction":[{"@type":"SearchAction","target":{"@type":"EntryPoint","urlTemplate":"https:\/\/thias-skwal.com\/?s={search_term_string}"},"query-input":{"@type":"PropertyValueSpecification","valueRequired":true,"valueName":"search_term_string"}}],"inLanguage":"fr-FR"},{"@type":"Organization","@id":"https:\/\/thias-skwal.com\/#organization","name":"Thias Skwal","url":"https:\/\/thias-skwal.com\/","logo":{"@type":"ImageObject","inLanguage":"fr-FR","@id":"https:\/\/thias-skwal.com\/#\/schema\/logo\/image\/","url":"https:\/\/thias-skwal.com\/wp-content\/uploads\/2022\/11\/cropped-Logo-Thias-Skwal-Noir-512-r.png","contentUrl":"https:\/\/thias-skwal.com\/wp-content\/uploads\/2022\/11\/cropped-Logo-Thias-Skwal-Noir-512-r.png","width":512,"height":512,"caption":"Thias Skwal"},"image":{"@id":"https:\/\/thias-skwal.com\/#\/schema\/logo\/image\/"},"sameAs":["https:\/\/www.facebook.com\/people\/THIAS-SKWAL\/100065543707959\/"]}]}},"_links":{"self":[{"href":"https:\/\/thias-skwal.com\/fr\/wp-json\/wp\/v2\/pages\/126","targetHints":{"allow":["GET"]}}],"collection":[{"href":"https:\/\/thias-skwal.com\/fr\/wp-json\/wp\/v2\/pages"}],"about":[{"href":"https:\/\/thias-skwal.com\/fr\/wp-json\/wp\/v2\/types\/page"}],"author":[{"embeddable":true,"href":"https:\/\/thias-skwal.com\/fr\/wp-json\/wp\/v2\/users\/1"}],"replies":[{"embeddable":true,"href":"https:\/\/thias-skwal.com\/fr\/wp-json\/wp\/v2\/comments?post=126"}],"version-history":[{"count":2,"href":"https:\/\/thias-skwal.com\/fr\/wp-json\/wp\/v2\/pages\/126\/revisions"}],"predecessor-version":[{"id":3202,"href":"https:\/\/thias-skwal.com\/fr\/wp-json\/wp\/v2\/pages\/126\/revisions\/3202"}],"wp:featuredmedia":[{"embeddable":true,"href":"https:\/\/thias-skwal.com\/fr\/wp-json\/wp\/v2\/media\/127"}],"wp:attachment":[{"href":"https:\/\/thias-skwal.com\/fr\/wp-json\/wp\/v2\/media?parent=126"}],"curies":[{"name":"wp","href":"https:\/\/api.w.org\/{rel}","templated":true}]}}