{"id":1195,"date":"2023-09-28T11:24:24","date_gmt":"2023-09-28T09:24:24","guid":{"rendered":"https:\/\/thias-skwal.com\/?page_id=1195"},"modified":"2025-11-11T20:15:08","modified_gmt":"2025-11-11T19:15:08","slug":"skwal-easy-rider-175","status":"publish","type":"page","link":"https:\/\/thias-skwal.com\/fr\/skwal-easy-rider-175\/","title":{"rendered":"Skwal Easy Rider 175"},"content":{"rendered":"<div class=\"wpb-content-wrapper\"><p>[vc_row unlock_row_content=\u00a0\u00bbyes\u00a0\u00bb row_height_percent=\u00a0\u00bb0&Prime; override_padding=\u00a0\u00bbyes\u00a0\u00bb h_padding=\u00a0\u00bb2&Prime; top_padding=\u00a0\u00bb2&Prime; bottom_padding=\u00a0\u00bb0&Prime; overlay_alpha=\u00a0\u00bb50&Prime; gutter_size=\u00a0\u00bb4&Prime; column_width_use_pixel=\u00a0\u00bbyes\u00a0\u00bb shift_y=\u00a0\u00bb0&Prime; z_index=\u00a0\u00bb0&Prime; column_width_pixel=\u00a0\u00bb1600&Prime; uncode_shortcode_id=\u00a0\u00bb125548&Prime;][vc_column column_width_percent=\u00a0\u00bb100&Prime; gutter_size=\u00a0\u00bb3&Prime; overlay_alpha=\u00a0\u00bb50&Prime; shift_x=\u00a0\u00bb0&Prime; shift_y=\u00a0\u00bb0&Prime; shift_y_down=\u00a0\u00bb0&Prime; z_index=\u00a0\u00bb0&Prime; medium_width=\u00a0\u00bb3&Prime; mobile_width=\u00a0\u00bb0&Prime; css_animation=\u00a0\u00bbzoom-in\u00a0\u00bb width=\u00a0\u00bb1\/3&Prime; uncode_shortcode_id=\u00a0\u00bb386600&Prime;][vc_row_inner][vc_column_inner column_width_use_pixel=\u00a0\u00bbyes\u00a0\u00bb align_horizontal=\u00a0\u00bbalign_center\u00a0\u00bb gutter_size=\u00a0\u00bb3&Prime; overlay_alpha=\u00a0\u00bb50&Prime; shift_x=\u00a0\u00bb0&Prime; shift_y=\u00a0\u00bb0&Prime; shift_y_down=\u00a0\u00bb0&Prime; z_index=\u00a0\u00bb0&Prime; medium_width=\u00a0\u00bb3&Prime; mobile_width=\u00a0\u00bb3&Prime; width=\u00a0\u00bb1\/3&Prime; uncode_shortcode_id=\u00a0\u00bb156961&Prime; column_width_pixel=\u00a0\u00bb100&Prime;][vc_single_image media=\u00a0\u00bb2298&Prime; media_width_use_pixel=\u00a0\u00bbyes\u00a0\u00bb alignment=\u00a0\u00bbcenter\u00a0\u00bb mobile_visibility=\u00a0\u00bbyes\u00a0\u00bb uncode_shortcode_id=\u00a0\u00bb201014&Prime; media_width_pixel=\u00a0\u00bb90&Prime;][vc_single_image media=\u00a0\u00bb2298&Prime; media_width_use_pixel=\u00a0\u00bbyes\u00a0\u00bb alignment=\u00a0\u00bbcenter\u00a0\u00bb desktop_visibility=\u00a0\u00bbyes\u00a0\u00bb medium_visibility=\u00a0\u00bbyes\u00a0\u00bb uncode_shortcode_id=\u00a0\u00bb297653&Prime; media_width_pixel=\u00a0\u00bb50&Prime;][\/vc_column_inner][vc_column_inner column_width_use_pixel=\u00a0\u00bbyes\u00a0\u00bb align_horizontal=\u00a0\u00bbalign_center\u00a0\u00bb gutter_size=\u00a0\u00bb3&Prime; overlay_alpha=\u00a0\u00bb50&Prime; shift_x=\u00a0\u00bb0&Prime; shift_y=\u00a0\u00bb0&Prime; shift_y_down=\u00a0\u00bb0&Prime; z_index=\u00a0\u00bb0&Prime; medium_width=\u00a0\u00bb3&Prime; mobile_width=\u00a0\u00bb3&Prime; width=\u00a0\u00bb1\/3&Prime; uncode_shortcode_id=\u00a0\u00bb173837&Prime; column_width_pixel=\u00a0\u00bb100&Prime;][vc_single_image media=\u00a0\u00bb2302&Prime; media_width_use_pixel=\u00a0\u00bbyes\u00a0\u00bb alignment=\u00a0\u00bbcenter\u00a0\u00bb mobile_visibility=\u00a0\u00bbyes\u00a0\u00bb uncode_shortcode_id=\u00a0\u00bb139145&Prime; media_width_pixel=\u00a0\u00bb90&Prime;][vc_single_image media=\u00a0\u00bb2302&Prime; media_width_use_pixel=\u00a0\u00bbyes\u00a0\u00bb alignment=\u00a0\u00bbcenter\u00a0\u00bb desktop_visibility=\u00a0\u00bbyes\u00a0\u00bb medium_visibility=\u00a0\u00bbyes\u00a0\u00bb uncode_shortcode_id=\u00a0\u00bb892358&Prime; media_width_pixel=\u00a0\u00bb50&Prime;][\/vc_column_inner][vc_column_inner column_width_use_pixel=\u00a0\u00bbyes\u00a0\u00bb align_horizontal=\u00a0\u00bbalign_center\u00a0\u00bb gutter_size=\u00a0\u00bb3&Prime; overlay_alpha=\u00a0\u00bb50&Prime; shift_x=\u00a0\u00bb0&Prime; shift_y=\u00a0\u00bb0&Prime; shift_y_down=\u00a0\u00bb0&Prime; z_index=\u00a0\u00bb0&Prime; medium_width=\u00a0\u00bb3&Prime; mobile_width=\u00a0\u00bb3&Prime; width=\u00a0\u00bb1\/3&Prime; uncode_shortcode_id=\u00a0\u00bb180038&Prime; column_width_pixel=\u00a0\u00bb100&Prime;][vc_single_image media=\u00a0\u00bb2300&Prime; media_width_use_pixel=\u00a0\u00bbyes\u00a0\u00bb alignment=\u00a0\u00bbcenter\u00a0\u00bb mobile_visibility=\u00a0\u00bbyes\u00a0\u00bb uncode_shortcode_id=\u00a0\u00bb174854&Prime; media_width_pixel=\u00a0\u00bb90&Prime;][vc_single_image media=\u00a0\u00bb2300&Prime; media_width_use_pixel=\u00a0\u00bbyes\u00a0\u00bb alignment=\u00a0\u00bbcenter\u00a0\u00bb desktop_visibility=\u00a0\u00bbyes\u00a0\u00bb medium_visibility=\u00a0\u00bbyes\u00a0\u00bb uncode_shortcode_id=\u00a0\u00bb169375&Prime; media_width_pixel=\u00a0\u00bb50&Prime;][vc_column_text uncode_shortcode_id=\u00a0\u00bb258011&Prime;]base[\/vc_column_text][\/vc_column_inner][\/vc_row_inner][\/vc_column][vc_column column_width_percent=\u00a0\u00bb100&Prime; gutter_size=\u00a0\u00bb3&Prime; overlay_alpha=\u00a0\u00bb50&Prime; shift_x=\u00a0\u00bb0&Prime; shift_y=\u00a0\u00bb0&Prime; shift_y_down=\u00a0\u00bb0&Prime; z_index=\u00a0\u00bb0&Prime; medium_width=\u00a0\u00bb5&Prime; mobile_width=\u00a0\u00bb0&Prime; css_animation=\u00a0\u00bbzoom-in\u00a0\u00bb width=\u00a0\u00bb2\/3&Prime; uncode_shortcode_id=\u00a0\u00bb149854&Prime;][vc_custom_heading auto_text=\u00a0\u00bbyes\u00a0\u00bb heading_semantic=\u00a0\u00bbh1&Prime; text_size=\u00a0\u00bbfontsize-967373&Prime; text_weight=\u00a0\u00bb400&Prime; text_transform=\u00a0\u00bbuppercase\u00a0\u00bb text_space=\u00a0\u00bbfontspace-513379&Prime; separator_color=\u00a0\u00bbyes\u00a0\u00bb separator=\u00a0\u00bbyes\u00a0\u00bb uncode_shortcode_id=\u00a0\u00bb177485&Prime;]<span class=\"color_15\">Easy Rider 163<br \/>\n<\/span><\/p>\n<p>[\/vc_custom_heading][vc_tabs typography=\u00a0\u00bbyes\u00a0\u00bb align=\u00a0\u00bbleft\u00a0\u00bb uncode_shortcode_id=\u00a0\u00bb315228&Prime;][vc_tab gutter_size=\u00a0\u00bb2&Prime; column_padding=\u00a0\u00bb2&Prime; title=\u00a0\u00bbDESCRIPTION\u00a0\u00bb tab_id=\u00a0\u00bb1736181764268-2-0&Prime;][vc_column_text uncode_shortcode_id=\u00a0\u00bb143673&Prime;]Embrassez l&rsquo;essence pure du free skwaling et pr\u00e9parez-vous \u00e0 parcourir tous les types de terrain avec style.<\/p>\n<p>Son double rocker, sa spatule large et son swallowtail lui conf\u00e8rent une grande maniabilit\u00e9 sur tout type de neige. Tr\u00e8s amusant \u00e0 toutes les vitesses, il vous permettra de carver efficacement sur piste et vous ravira dans la poudreuse.<\/p>\n<p>Construit avec des renforts en carbone sous les pieds, l&rsquo;ER produit sur neige dure, un v\u00e9ritable rebond en fin de virage.[\/vc_column_text][vc_single_image media=\u00a0\u00bb706&Prime; media_lightbox=\u00a0\u00bbyes\u00a0\u00bb media_width_percent=\u00a0\u00bb100&Prime; alignment=\u00a0\u00bbcenter\u00a0\u00bb uncode_shortcode_id=\u00a0\u00bb939094&Prime;][\/vc_tab][vc_tab gutter_size=\u00a0\u00bb2&Prime; column_padding=\u00a0\u00bb2&Prime; title=\u00a0\u00bbDETAILS\u00a0\u00bb tab_id=\u00a0\u00bb1736181765815-3-1&Prime;][vc_column_text uncode_shortcode_id=\u00a0\u00bb590730&Prime;]Longueur : 175 cm<br \/>\nLargeur au patin: 14.7 cm<br \/>\nRayon : 10 m<br \/>\nProgramme FREE SKWAL<br \/>\n(free ride \/ free carve)<\/p>\n<p>Pour envoyer du lourd<\/p>\n<p>Couleur : bois rouge<br \/>\nSkwal directionnel (centre recul\u00e9) avec cambre pour une bonne r\u00e9activit\u00e9 et un double rocker progressif pour l\u2019aisance dans toutes les conditions de neige<br \/>\nPin tail: forme en V (spatule plus large que le talon)<br \/>\nSwallow tail : talon en queue d\u2019hirondelle<br \/>\nConstruction sandwich, noyau bois (Peuplier et h\u00eatre), fibres de verre et renfort carbone<br \/>\nSemelle noire fritt\u00e9e, haute densit\u00e9<\/p>\n<p>Mise au point dans les alpes fran\u00e7aises par Thias Balmain<\/p>\n<p>Fixations sp\u00e9cifiques skwal (Race titanium)<\/p>\n<p>Choix du mod\u00e8le : step in (chaussage automatique \/ n\u00e9cessite une talonnette sp\u00e9cifique sur la chaussure de snowboard) ou \u00e0 levier manuel (voir rubrique fixations)[\/vc_column_text][\/vc_tab][vc_tab gutter_size=\u00a0\u00bb2&Prime; column_padding=\u00a0\u00bb2&Prime; title=\u00a0\u00bbTARIFS PUBLIC\u00a0\u00bb tab_id=\u00a0\u00bb1670423678-1-74&Prime;][uncode_block id=\u00a0\u00bb1280&Prime;][\/vc_tab][vc_tab gutter_size=\u00a0\u00bb2&Prime; column_padding=\u00a0\u00bb2&Prime; title=\u00a0\u00bbTARIFS PROS ET PRO SHOPS\u00a0\u00bb tab_id=\u00a0\u00bb1670423678-2-50&Prime;][uncode_block id=\u00a0\u00bb989&Prime; inside_column=\u00a0\u00bbyes\u00a0\u00bb][\/vc_tab][\/vc_tabs][vc_button button_color=\u00a0\u00bbaccent\u00a0\u00bb border_width=\u00a0\u00bb0&Prime; button_color_type=\u00a0\u00bbuncode-palette\u00a0\u00bb uncode_shortcode_id=\u00a0\u00bb524664&Prime; link=\u00a0\u00bburl:https%3A%2F%2Fshop.thias-skwal.com%2Ffr%2Fplanches%2F18-skwal-easy-rider-165.html|target:_blank|rel:nofollow\u00a0\u00bb]Commander[\/vc_button][\/vc_column][\/vc_row][vc_row][vc_column width=\u00a0\u00bb1\/1&Prime;][vc_single_image media=\u00a0\u00bb2155&Prime; media_width_percent=\u00a0\u00bb100&Prime; shape=\u00a0\u00bbimg-round\u00a0\u00bb radius=\u00a0\u00bbstd\u00a0\u00bb uncode_shortcode_id=\u00a0\u00bb883737&Prime;][\/vc_column][\/vc_row]<\/p>\n<\/div>","protected":false},"excerpt":{"rendered":"<p>[vc_row unlock_row_content=\u00a0\u00bbyes\u00a0\u00bb row_height_percent=\u00a0\u00bb0&Prime; override_padding=\u00a0\u00bbyes\u00a0\u00bb h_padding=\u00a0\u00bb2&Prime; top_padding=\u00a0\u00bb2&Prime; bottom_padding=\u00a0\u00bb0&Prime; overlay_alpha=\u00a0\u00bb50&Prime; gutter_size=\u00a0\u00bb4&Prime; column_width_use_pixel=\u00a0\u00bbyes\u00a0\u00bb shift_y=\u00a0\u00bb0&Prime; z_index=\u00a0\u00bb0&Prime; column_width_pixel=\u00a0\u00bb1600&Prime; uncode_shortcode_id=\u00a0\u00bb125548&Prime;][vc_column column_width_percent=\u00a0\u00bb100&Prime; gutter_size=\u00a0\u00bb3&Prime; overlay_alpha=\u00a0\u00bb50&Prime; shift_x=\u00a0\u00bb0&Prime; shift_y=\u00a0\u00bb0&Prime; shift_y_down=\u00a0\u00bb0&Prime; [&hellip;]<\/p>\n","protected":false},"author":1,"featured_media":0,"parent":0,"menu_order":0,"comment_status":"closed","ping_status":"closed","template":"","meta":{"_exactmetrics_skip_tracking":false,"_exactmetrics_sitenote_active":false,"_exactmetrics_sitenote_note":"","_exactmetrics_sitenote_category":0,"footnotes":""},"class_list":["post-1195","page","type-page","status-publish","hentry"],"yoast_head":"<!-- This site is optimized with the Yoast SEO plugin v27.5 - https:\/\/yoast.com\/product\/yoast-seo-wordpress\/ -->\n<title>Skwal Easy Rider 175 - Thias Skwal<\/title>\n<meta name=\"description\" content=\"Son double rocker, sa spatule large et son swallowtail conf\u00e8rent au Skwal Easy Rider 175 une grande maniabilit\u00e9 sur tout type de neige.\" \/>\n<meta name=\"robots\" content=\"index, follow, max-snippet:-1, max-image-preview:large, max-video-preview:-1\" \/>\n<link rel=\"canonical\" href=\"https:\/\/thias-skwal.com\/fr\/skwal-easy-rider-175\/\" \/>\n<meta property=\"og:locale\" content=\"fr_FR\" \/>\n<meta property=\"og:type\" content=\"article\" \/>\n<meta property=\"og:title\" content=\"Skwal Easy Rider 175 - Thias Skwal\" \/>\n<meta property=\"og:description\" content=\"Son double rocker, sa spatule large et son swallowtail conf\u00e8rent au Skwal Easy Rider 175 une grande maniabilit\u00e9 sur tout type de neige.\" \/>\n<meta property=\"og:url\" content=\"https:\/\/thias-skwal.com\/fr\/skwal-easy-rider-175\/\" \/>\n<meta property=\"og:site_name\" content=\"Thias Skwal\" \/>\n<meta property=\"article:publisher\" content=\"https:\/\/www.facebook.com\/people\/THIAS-SKWAL\/100065543707959\/\" \/>\n<meta property=\"article:modified_time\" content=\"2025-11-11T19:15:08+00:00\" \/>\n<meta name=\"twitter:card\" content=\"summary_large_image\" \/>\n<meta name=\"twitter:label1\" content=\"Dur\u00e9e de lecture estim\u00e9e\" \/>\n\t<meta name=\"twitter:data1\" content=\"2 minutes\" \/>\n<script type=\"application\/ld+json\" class=\"yoast-schema-graph\">{\"@context\":\"https:\\\/\\\/schema.org\",\"@graph\":[{\"@type\":\"WebPage\",\"@id\":\"https:\\\/\\\/thias-skwal.com\\\/fr\\\/skwal-easy-rider-175\\\/\",\"url\":\"https:\\\/\\\/thias-skwal.com\\\/fr\\\/skwal-easy-rider-175\\\/\",\"name\":\"Skwal Easy Rider 175 - Thias Skwal\",\"isPartOf\":{\"@id\":\"https:\\\/\\\/thias-skwal.com\\\/#website\"},\"datePublished\":\"2023-09-28T09:24:24+00:00\",\"dateModified\":\"2025-11-11T19:15:08+00:00\",\"description\":\"Son double rocker, sa spatule large et son swallowtail conf\u00e8rent au Skwal Easy Rider 175 une grande maniabilit\u00e9 sur tout type de neige.\",\"breadcrumb\":{\"@id\":\"https:\\\/\\\/thias-skwal.com\\\/fr\\\/skwal-easy-rider-175\\\/#breadcrumb\"},\"inLanguage\":\"fr-FR\",\"potentialAction\":[{\"@type\":\"ReadAction\",\"target\":[\"https:\\\/\\\/thias-skwal.com\\\/fr\\\/skwal-easy-rider-175\\\/\"]}]},{\"@type\":\"BreadcrumbList\",\"@id\":\"https:\\\/\\\/thias-skwal.com\\\/fr\\\/skwal-easy-rider-175\\\/#breadcrumb\",\"itemListElement\":[{\"@type\":\"ListItem\",\"position\":1,\"name\":\"Accueil\",\"item\":\"https:\\\/\\\/thias-skwal.com\\\/fr\\\/\"},{\"@type\":\"ListItem\",\"position\":2,\"name\":\"Skwal Easy Rider 175\"}]},{\"@type\":\"WebSite\",\"@id\":\"https:\\\/\\\/thias-skwal.com\\\/#website\",\"url\":\"https:\\\/\\\/thias-skwal.com\\\/\",\"name\":\"Thias Skwal\",\"description\":\"Time to Free Skwal\",\"publisher\":{\"@id\":\"https:\\\/\\\/thias-skwal.com\\\/#organization\"},\"potentialAction\":[{\"@type\":\"SearchAction\",\"target\":{\"@type\":\"EntryPoint\",\"urlTemplate\":\"https:\\\/\\\/thias-skwal.com\\\/?s={search_term_string}\"},\"query-input\":{\"@type\":\"PropertyValueSpecification\",\"valueRequired\":true,\"valueName\":\"search_term_string\"}}],\"inLanguage\":\"fr-FR\"},{\"@type\":\"Organization\",\"@id\":\"https:\\\/\\\/thias-skwal.com\\\/#organization\",\"name\":\"Thias Skwal\",\"url\":\"https:\\\/\\\/thias-skwal.com\\\/\",\"logo\":{\"@type\":\"ImageObject\",\"inLanguage\":\"fr-FR\",\"@id\":\"https:\\\/\\\/thias-skwal.com\\\/#\\\/schema\\\/logo\\\/image\\\/\",\"url\":\"https:\\\/\\\/thias-skwal.com\\\/wp-content\\\/uploads\\\/2022\\\/11\\\/cropped-Logo-Thias-Skwal-Noir-512-r.png\",\"contentUrl\":\"https:\\\/\\\/thias-skwal.com\\\/wp-content\\\/uploads\\\/2022\\\/11\\\/cropped-Logo-Thias-Skwal-Noir-512-r.png\",\"width\":512,\"height\":512,\"caption\":\"Thias Skwal\"},\"image\":{\"@id\":\"https:\\\/\\\/thias-skwal.com\\\/#\\\/schema\\\/logo\\\/image\\\/\"},\"sameAs\":[\"https:\\\/\\\/www.facebook.com\\\/people\\\/THIAS-SKWAL\\\/100065543707959\\\/\"]}]}<\/script>\n<!-- \/ Yoast SEO plugin. -->","yoast_head_json":{"title":"Skwal Easy Rider 175 - Thias Skwal","description":"Son double rocker, sa spatule large et son swallowtail conf\u00e8rent au Skwal Easy Rider 175 une grande maniabilit\u00e9 sur tout type de neige.","robots":{"index":"index","follow":"follow","max-snippet":"max-snippet:-1","max-image-preview":"max-image-preview:large","max-video-preview":"max-video-preview:-1"},"canonical":"https:\/\/thias-skwal.com\/fr\/skwal-easy-rider-175\/","og_locale":"fr_FR","og_type":"article","og_title":"Skwal Easy Rider 175 - Thias Skwal","og_description":"Son double rocker, sa spatule large et son swallowtail conf\u00e8rent au Skwal Easy Rider 175 une grande maniabilit\u00e9 sur tout type de neige.","og_url":"https:\/\/thias-skwal.com\/fr\/skwal-easy-rider-175\/","og_site_name":"Thias Skwal","article_publisher":"https:\/\/www.facebook.com\/people\/THIAS-SKWAL\/100065543707959\/","article_modified_time":"2025-11-11T19:15:08+00:00","twitter_card":"summary_large_image","twitter_misc":{"Dur\u00e9e de lecture estim\u00e9e":"2 minutes"},"schema":{"@context":"https:\/\/schema.org","@graph":[{"@type":"WebPage","@id":"https:\/\/thias-skwal.com\/fr\/skwal-easy-rider-175\/","url":"https:\/\/thias-skwal.com\/fr\/skwal-easy-rider-175\/","name":"Skwal Easy Rider 175 - Thias Skwal","isPartOf":{"@id":"https:\/\/thias-skwal.com\/#website"},"datePublished":"2023-09-28T09:24:24+00:00","dateModified":"2025-11-11T19:15:08+00:00","description":"Son double rocker, sa spatule large et son swallowtail conf\u00e8rent au Skwal Easy Rider 175 une grande maniabilit\u00e9 sur tout type de neige.","breadcrumb":{"@id":"https:\/\/thias-skwal.com\/fr\/skwal-easy-rider-175\/#breadcrumb"},"inLanguage":"fr-FR","potentialAction":[{"@type":"ReadAction","target":["https:\/\/thias-skwal.com\/fr\/skwal-easy-rider-175\/"]}]},{"@type":"BreadcrumbList","@id":"https:\/\/thias-skwal.com\/fr\/skwal-easy-rider-175\/#breadcrumb","itemListElement":[{"@type":"ListItem","position":1,"name":"Accueil","item":"https:\/\/thias-skwal.com\/fr\/"},{"@type":"ListItem","position":2,"name":"Skwal Easy Rider 175"}]},{"@type":"WebSite","@id":"https:\/\/thias-skwal.com\/#website","url":"https:\/\/thias-skwal.com\/","name":"Thias Skwal","description":"Time to Free Skwal","publisher":{"@id":"https:\/\/thias-skwal.com\/#organization"},"potentialAction":[{"@type":"SearchAction","target":{"@type":"EntryPoint","urlTemplate":"https:\/\/thias-skwal.com\/?s={search_term_string}"},"query-input":{"@type":"PropertyValueSpecification","valueRequired":true,"valueName":"search_term_string"}}],"inLanguage":"fr-FR"},{"@type":"Organization","@id":"https:\/\/thias-skwal.com\/#organization","name":"Thias Skwal","url":"https:\/\/thias-skwal.com\/","logo":{"@type":"ImageObject","inLanguage":"fr-FR","@id":"https:\/\/thias-skwal.com\/#\/schema\/logo\/image\/","url":"https:\/\/thias-skwal.com\/wp-content\/uploads\/2022\/11\/cropped-Logo-Thias-Skwal-Noir-512-r.png","contentUrl":"https:\/\/thias-skwal.com\/wp-content\/uploads\/2022\/11\/cropped-Logo-Thias-Skwal-Noir-512-r.png","width":512,"height":512,"caption":"Thias Skwal"},"image":{"@id":"https:\/\/thias-skwal.com\/#\/schema\/logo\/image\/"},"sameAs":["https:\/\/www.facebook.com\/people\/THIAS-SKWAL\/100065543707959\/"]}]}},"_links":{"self":[{"href":"https:\/\/thias-skwal.com\/fr\/wp-json\/wp\/v2\/pages\/1195","targetHints":{"allow":["GET"]}}],"collection":[{"href":"https:\/\/thias-skwal.com\/fr\/wp-json\/wp\/v2\/pages"}],"about":[{"href":"https:\/\/thias-skwal.com\/fr\/wp-json\/wp\/v2\/types\/page"}],"author":[{"embeddable":true,"href":"https:\/\/thias-skwal.com\/fr\/wp-json\/wp\/v2\/users\/1"}],"replies":[{"embeddable":true,"href":"https:\/\/thias-skwal.com\/fr\/wp-json\/wp\/v2\/comments?post=1195"}],"version-history":[{"count":3,"href":"https:\/\/thias-skwal.com\/fr\/wp-json\/wp\/v2\/pages\/1195\/revisions"}],"predecessor-version":[{"id":3220,"href":"https:\/\/thias-skwal.com\/fr\/wp-json\/wp\/v2\/pages\/1195\/revisions\/3220"}],"wp:attachment":[{"href":"https:\/\/thias-skwal.com\/fr\/wp-json\/wp\/v2\/media?parent=1195"}],"curies":[{"name":"wp","href":"https:\/\/api.w.org\/{rel}","templated":true}]}}